{"id":15,"date":"2025-03-11T20:13:39","date_gmt":"2025-03-11T20:13:39","guid":{"rendered":"https:\/\/dev.d85estudio.com\/lureye\/?post_type=product&#038;p=15"},"modified":"2025-03-17T12:53:14","modified_gmt":"2025-03-17T12:53:14","slug":"lorem-ipsum-dolor-sit-amet","status":"publish","type":"product","link":"https:\/\/lureye.cl\/generadores-nuevos\/producto\/lorem-ipsum-dolor-sit-amet\/","title":{"rendered":"Grupo Electr\u00f3geno Diesel 44 KVA"},"content":{"rendered":"<p>El generador electrico de 44 KVA esta dise\u00f1ado para brindar soluciones de energ\u00eda para diferentes actividades (producci\u00f3n continua y de respaldo) y para todos los sectores: datos centros de salud, tratamiento de aguas, telecomunicaciones, construcci\u00f3n, producci\u00f3n de energ\u00eda, industria, transporte, comercio al por menor, distribuci\u00f3n y servicios.<\/p>\n","protected":false},"excerpt":{"rendered":"<p>Cotiza tu generador el\u00e9ctrico con los especialistas en energ\u00eda.<\/p>\n","protected":false},"featured_media":240,"comment_status":"open","ping_status":"closed","template":"","meta":[],"product_cat":[53,16],"product_tag":[],"class_list":["post-15","product","type-product","status-publish","has-post-thumbnail","hentry","product_cat-16_a_66_kva","product_cat-generadores"],"acf":[],"yoast_head":"<!-- This site is optimized with the Yoast SEO plugin v21.4 - https:\/\/yoast.com\/wordpress\/plugins\/seo\/ -->\n<title>Grupo Electr\u00f3geno Diesel 44 KVA - Lureye<\/title>\n<meta name=\"robots\" content=\"index, follow, max-snippet:-1, max-image-preview:large, max-video-preview:-1\" \/>\n<link rel=\"canonical\" href=\"https:\/\/lureye.cl\/generadores-nuevos\/producto\/lorem-ipsum-dolor-sit-amet\/\" \/>\n<meta property=\"og:locale\" content=\"es_ES\" \/>\n<meta property=\"og:type\" content=\"article\" \/>\n<meta property=\"og:title\" content=\"Grupo Electr\u00f3geno Diesel 44 KVA - Lureye\" \/>\n<meta property=\"og:description\" content=\"Cotiza tu generador el\u00e9ctrico con los especialistas en energ\u00eda.\" \/>\n<meta property=\"og:url\" content=\"https:\/\/lureye.cl\/generadores-nuevos\/producto\/lorem-ipsum-dolor-sit-amet\/\" \/>\n<meta property=\"og:site_name\" content=\"Lureye\" \/>\n<meta property=\"article:modified_time\" content=\"2025-03-17T12:53:14+00:00\" \/>\n<meta property=\"og:image\" content=\"https:\/\/lureye.cl\/generadores-nuevos\/wp-content\/uploads\/2023\/07\/Grupo-generador-Lureye-110-kva-01.jpg\" \/>\n\t<meta property=\"og:image:width\" content=\"2500\" \/>\n\t<meta property=\"og:image:height\" content=\"2500\" \/>\n\t<meta property=\"og:image:type\" content=\"image\/jpeg\" \/>\n<meta name=\"twitter:card\" content=\"summary_large_image\" \/>\n<meta name=\"twitter:label1\" content=\"Tiempo de lectura\" \/>\n\t<meta name=\"twitter:data1\" content=\"1 minuto\" \/>\n<script type=\"application\/ld+json\" class=\"yoast-schema-graph\">{\"@context\":\"https:\/\/schema.org\",\"@graph\":[{\"@type\":\"WebPage\",\"@id\":\"https:\/\/lureye.cl\/generadores-nuevos\/producto\/lorem-ipsum-dolor-sit-amet\/\",\"url\":\"https:\/\/lureye.cl\/generadores-nuevos\/producto\/lorem-ipsum-dolor-sit-amet\/\",\"name\":\"Grupo Electr\u00f3geno Diesel 44 KVA - Lureye\",\"isPartOf\":{\"@id\":\"https:\/\/lureye.cl\/generadores-nuevos\/#website\"},\"datePublished\":\"2025-03-11T20:13:39+00:00\",\"dateModified\":\"2025-03-17T12:53:14+00:00\",\"breadcrumb\":{\"@id\":\"https:\/\/lureye.cl\/generadores-nuevos\/producto\/lorem-ipsum-dolor-sit-amet\/#breadcrumb\"},\"inLanguage\":\"es\",\"potentialAction\":[{\"@type\":\"ReadAction\",\"target\":[\"https:\/\/lureye.cl\/generadores-nuevos\/producto\/lorem-ipsum-dolor-sit-amet\/\"]}]},{\"@type\":\"BreadcrumbList\",\"@id\":\"https:\/\/lureye.cl\/generadores-nuevos\/producto\/lorem-ipsum-dolor-sit-amet\/#breadcrumb\",\"itemListElement\":[{\"@type\":\"ListItem\",\"position\":1,\"name\":\"Portada\",\"item\":\"https:\/\/lureye.cl\/generadores-nuevos\/\"},{\"@type\":\"ListItem\",\"position\":2,\"name\":\"Grupo Electr\u00f3geno Diesel 44 KVA\"}]},{\"@type\":\"WebSite\",\"@id\":\"https:\/\/lureye.cl\/generadores-nuevos\/#website\",\"url\":\"https:\/\/lureye.cl\/generadores-nuevos\/\",\"name\":\"Lureye\",\"description\":\"\",\"potentialAction\":[{\"@type\":\"SearchAction\",\"target\":{\"@type\":\"EntryPoint\",\"urlTemplate\":\"https:\/\/lureye.cl\/generadores-nuevos\/?s={search_term_string}\"},\"query-input\":\"required name=search_term_string\"}],\"inLanguage\":\"es\"}]}<\/script>\n<!-- \/ Yoast SEO plugin. -->","yoast_head_json":{"title":"Grupo Electr\u00f3geno Diesel 44 KVA - Lureye","robots":{"index":"index","follow":"follow","max-snippet":"max-snippet:-1","max-image-preview":"max-image-preview:large","max-video-preview":"max-video-preview:-1"},"canonical":"https:\/\/lureye.cl\/generadores-nuevos\/producto\/lorem-ipsum-dolor-sit-amet\/","og_locale":"es_ES","og_type":"article","og_title":"Grupo Electr\u00f3geno Diesel 44 KVA - Lureye","og_description":"Cotiza tu generador el\u00e9ctrico con los especialistas en energ\u00eda.","og_url":"https:\/\/lureye.cl\/generadores-nuevos\/producto\/lorem-ipsum-dolor-sit-amet\/","og_site_name":"Lureye","article_modified_time":"2025-03-17T12:53:14+00:00","og_image":[{"width":2500,"height":2500,"url":"https:\/\/lureye.cl\/generadores-nuevos\/wp-content\/uploads\/2023\/07\/Grupo-generador-Lureye-110-kva-01.jpg","type":"image\/jpeg"}],"twitter_card":"summary_large_image","twitter_misc":{"Tiempo de lectura":"1 minuto"},"schema":{"@context":"https:\/\/schema.org","@graph":[{"@type":"WebPage","@id":"https:\/\/lureye.cl\/generadores-nuevos\/producto\/lorem-ipsum-dolor-sit-amet\/","url":"https:\/\/lureye.cl\/generadores-nuevos\/producto\/lorem-ipsum-dolor-sit-amet\/","name":"Grupo Electr\u00f3geno Diesel 44 KVA - Lureye","isPartOf":{"@id":"https:\/\/lureye.cl\/generadores-nuevos\/#website"},"datePublished":"2025-03-11T20:13:39+00:00","dateModified":"2025-03-17T12:53:14+00:00","breadcrumb":{"@id":"https:\/\/lureye.cl\/generadores-nuevos\/producto\/lorem-ipsum-dolor-sit-amet\/#breadcrumb"},"inLanguage":"es","potentialAction":[{"@type":"ReadAction","target":["https:\/\/lureye.cl\/generadores-nuevos\/producto\/lorem-ipsum-dolor-sit-amet\/"]}]},{"@type":"BreadcrumbList","@id":"https:\/\/lureye.cl\/generadores-nuevos\/producto\/lorem-ipsum-dolor-sit-amet\/#breadcrumb","itemListElement":[{"@type":"ListItem","position":1,"name":"Portada","item":"https:\/\/lureye.cl\/generadores-nuevos\/"},{"@type":"ListItem","position":2,"name":"Grupo Electr\u00f3geno Diesel 44 KVA"}]},{"@type":"WebSite","@id":"https:\/\/lureye.cl\/generadores-nuevos\/#website","url":"https:\/\/lureye.cl\/generadores-nuevos\/","name":"Lureye","description":"","potentialAction":[{"@type":"SearchAction","target":{"@type":"EntryPoint","urlTemplate":"https:\/\/lureye.cl\/generadores-nuevos\/?s={search_term_string}"},"query-input":"required name=search_term_string"}],"inLanguage":"es"}]}},"_links":{"self":[{"href":"https:\/\/lureye.cl\/generadores-nuevos\/wp-json\/wp\/v2\/product\/15","targetHints":{"allow":["GET"]}}],"collection":[{"href":"https:\/\/lureye.cl\/generadores-nuevos\/wp-json\/wp\/v2\/product"}],"about":[{"href":"https:\/\/lureye.cl\/generadores-nuevos\/wp-json\/wp\/v2\/types\/product"}],"replies":[{"embeddable":true,"href":"https:\/\/lureye.cl\/generadores-nuevos\/wp-json\/wp\/v2\/comments?post=15"}],"wp:featuredmedia":[{"embeddable":true,"href":"https:\/\/lureye.cl\/generadores-nuevos\/wp-json\/wp\/v2\/media\/240"}],"wp:attachment":[{"href":"https:\/\/lureye.cl\/generadores-nuevos\/wp-json\/wp\/v2\/media?parent=15"}],"wp:term":[{"taxonomy":"product_cat","embeddable":true,"href":"https:\/\/lureye.cl\/generadores-nuevos\/wp-json\/wp\/v2\/product_cat?post=15"},{"taxonomy":"product_tag","embeddable":true,"href":"https:\/\/lureye.cl\/generadores-nuevos\/wp-json\/wp\/v2\/product_tag?post=15"}],"curies":[{"name":"wp","href":"https:\/\/api.w.org\/{rel}","templated":true}]}}