{"id":337,"date":"2023-08-21T07:44:01","date_gmt":"2023-08-21T07:44:01","guid":{"rendered":"https:\/\/dev.d85estudio.com\/lureye\/?page_id=337"},"modified":"2023-10-19T14:14:34","modified_gmt":"2023-10-19T14:14:34","slug":"servicios","status":"publish","type":"page","link":"https:\/\/lureye.cl\/generadores-nuevos\/servicios\/","title":{"rendered":"Servicios"},"content":{"rendered":"","protected":false},"excerpt":{"rendered":"","protected":false},"author":2,"featured_media":0,"parent":0,"menu_order":0,"comment_status":"closed","ping_status":"closed","template":"template-servicios.php","meta":{"footnotes":""},"class_list":["post-337","page","type-page","status-publish","hentry"],"acf":[],"yoast_head":"<!-- This site is optimized with the Yoast SEO plugin v21.4 - https:\/\/yoast.com\/wordpress\/plugins\/seo\/ -->\n<title>Servicio t\u00e9cnico para grupo generadores | Lureye Chile<\/title>\n<meta name=\"description\" content=\"La continuidad operativa es una prioridad estrat\u00e9gica. Es por esto que contamos con un servicios t\u00e9cnico de grupos generadores.\" \/>\n<meta name=\"robots\" content=\"index, follow, max-snippet:-1, max-image-preview:large, max-video-preview:-1\" \/>\n<link rel=\"canonical\" href=\"https:\/\/lureye.cl\/generadores-nuevos\/servicios\/\" \/>\n<meta property=\"og:locale\" content=\"es_ES\" \/>\n<meta property=\"og:type\" content=\"article\" \/>\n<meta property=\"og:title\" content=\"Servicio t\u00e9cnico para grupo generadores | Lureye Chile\" \/>\n<meta property=\"og:description\" content=\"La continuidad operativa es una prioridad estrat\u00e9gica. Es por esto que contamos con un servicios t\u00e9cnico de grupos generadores.\" \/>\n<meta property=\"og:url\" content=\"https:\/\/lureye.cl\/generadores-nuevos\/servicios\/\" \/>\n<meta property=\"og:site_name\" content=\"Lureye\" \/>\n<meta property=\"article:modified_time\" content=\"2023-10-19T14:14:34+00:00\" \/>\n<meta name=\"twitter:card\" content=\"summary_large_image\" \/>\n<script type=\"application\/ld+json\" class=\"yoast-schema-graph\">{\"@context\":\"https:\/\/schema.org\",\"@graph\":[{\"@type\":\"WebPage\",\"@id\":\"https:\/\/lureye.cl\/generadores-nuevos\/servicios\/\",\"url\":\"https:\/\/lureye.cl\/generadores-nuevos\/servicios\/\",\"name\":\"Servicio t\u00e9cnico para grupo generadores | Lureye Chile\",\"isPartOf\":{\"@id\":\"https:\/\/lureye.cl\/generadores-nuevos\/#website\"},\"datePublished\":\"2023-08-21T07:44:01+00:00\",\"dateModified\":\"2023-10-19T14:14:34+00:00\",\"description\":\"La continuidad operativa es una prioridad estrat\u00e9gica. Es por esto que contamos con un servicios t\u00e9cnico de grupos generadores.\",\"breadcrumb\":{\"@id\":\"https:\/\/lureye.cl\/generadores-nuevos\/servicios\/#breadcrumb\"},\"inLanguage\":\"es\",\"potentialAction\":[{\"@type\":\"ReadAction\",\"target\":[\"https:\/\/lureye.cl\/generadores-nuevos\/servicios\/\"]}]},{\"@type\":\"BreadcrumbList\",\"@id\":\"https:\/\/lureye.cl\/generadores-nuevos\/servicios\/#breadcrumb\",\"itemListElement\":[{\"@type\":\"ListItem\",\"position\":1,\"name\":\"Portada\",\"item\":\"https:\/\/lureye.cl\/generadores-nuevos\/\"},{\"@type\":\"ListItem\",\"position\":2,\"name\":\"Servicios\"}]},{\"@type\":\"WebSite\",\"@id\":\"https:\/\/lureye.cl\/generadores-nuevos\/#website\",\"url\":\"https:\/\/lureye.cl\/generadores-nuevos\/\",\"name\":\"Lureye\",\"description\":\"\",\"potentialAction\":[{\"@type\":\"SearchAction\",\"target\":{\"@type\":\"EntryPoint\",\"urlTemplate\":\"https:\/\/lureye.cl\/generadores-nuevos\/?s={search_term_string}\"},\"query-input\":\"required name=search_term_string\"}],\"inLanguage\":\"es\"}]}<\/script>\n<!-- \/ Yoast SEO plugin. -->","yoast_head_json":{"title":"Servicio t\u00e9cnico para grupo generadores | Lureye Chile","description":"La continuidad operativa es una prioridad estrat\u00e9gica. Es por esto que contamos con un servicios t\u00e9cnico de grupos generadores.","robots":{"index":"index","follow":"follow","max-snippet":"max-snippet:-1","max-image-preview":"max-image-preview:large","max-video-preview":"max-video-preview:-1"},"canonical":"https:\/\/lureye.cl\/generadores-nuevos\/servicios\/","og_locale":"es_ES","og_type":"article","og_title":"Servicio t\u00e9cnico para grupo generadores | Lureye Chile","og_description":"La continuidad operativa es una prioridad estrat\u00e9gica. Es por esto que contamos con un servicios t\u00e9cnico de grupos generadores.","og_url":"https:\/\/lureye.cl\/generadores-nuevos\/servicios\/","og_site_name":"Lureye","article_modified_time":"2023-10-19T14:14:34+00:00","twitter_card":"summary_large_image","schema":{"@context":"https:\/\/schema.org","@graph":[{"@type":"WebPage","@id":"https:\/\/lureye.cl\/generadores-nuevos\/servicios\/","url":"https:\/\/lureye.cl\/generadores-nuevos\/servicios\/","name":"Servicio t\u00e9cnico para grupo generadores | Lureye Chile","isPartOf":{"@id":"https:\/\/lureye.cl\/generadores-nuevos\/#website"},"datePublished":"2023-08-21T07:44:01+00:00","dateModified":"2023-10-19T14:14:34+00:00","description":"La continuidad operativa es una prioridad estrat\u00e9gica. Es por esto que contamos con un servicios t\u00e9cnico de grupos generadores.","breadcrumb":{"@id":"https:\/\/lureye.cl\/generadores-nuevos\/servicios\/#breadcrumb"},"inLanguage":"es","potentialAction":[{"@type":"ReadAction","target":["https:\/\/lureye.cl\/generadores-nuevos\/servicios\/"]}]},{"@type":"BreadcrumbList","@id":"https:\/\/lureye.cl\/generadores-nuevos\/servicios\/#breadcrumb","itemListElement":[{"@type":"ListItem","position":1,"name":"Portada","item":"https:\/\/lureye.cl\/generadores-nuevos\/"},{"@type":"ListItem","position":2,"name":"Servicios"}]},{"@type":"WebSite","@id":"https:\/\/lureye.cl\/generadores-nuevos\/#website","url":"https:\/\/lureye.cl\/generadores-nuevos\/","name":"Lureye","description":"","potentialAction":[{"@type":"SearchAction","target":{"@type":"EntryPoint","urlTemplate":"https:\/\/lureye.cl\/generadores-nuevos\/?s={search_term_string}"},"query-input":"required name=search_term_string"}],"inLanguage":"es"}]}},"_links":{"self":[{"href":"https:\/\/lureye.cl\/generadores-nuevos\/wp-json\/wp\/v2\/pages\/337","targetHints":{"allow":["GET"]}}],"collection":[{"href":"https:\/\/lureye.cl\/generadores-nuevos\/wp-json\/wp\/v2\/pages"}],"about":[{"href":"https:\/\/lureye.cl\/generadores-nuevos\/wp-json\/wp\/v2\/types\/page"}],"author":[{"embeddable":true,"href":"https:\/\/lureye.cl\/generadores-nuevos\/wp-json\/wp\/v2\/users\/2"}],"replies":[{"embeddable":true,"href":"https:\/\/lureye.cl\/generadores-nuevos\/wp-json\/wp\/v2\/comments?post=337"}],"version-history":[{"count":12,"href":"https:\/\/lureye.cl\/generadores-nuevos\/wp-json\/wp\/v2\/pages\/337\/revisions"}],"predecessor-version":[{"id":398,"href":"https:\/\/lureye.cl\/generadores-nuevos\/wp-json\/wp\/v2\/pages\/337\/revisions\/398"}],"wp:attachment":[{"href":"https:\/\/lureye.cl\/generadores-nuevos\/wp-json\/wp\/v2\/media?parent=337"}],"curies":[{"name":"wp","href":"https:\/\/api.w.org\/{rel}","templated":true}]}}