{"id":6,"date":"2024-04-02T20:45:08","date_gmt":"2024-04-02T18:45:08","guid":{"rendered":"http:\/\/localhost:8888\/lureye\/?page_id=6"},"modified":"2025-11-04T21:14:22","modified_gmt":"2025-11-04T20:14:22","slug":"motores-electricos-reductores-variadres-de-frecuncia-automatizacion-industrial-y-proyectos","status":"publish","type":"page","link":"https:\/\/lureye.cl\/electromecanica\/","title":{"rendered":"Lureye Electromec\u00e1nica"},"content":{"rendered":"","protected":false},"excerpt":{"rendered":"","protected":false},"author":4,"featured_media":0,"parent":0,"menu_order":0,"comment_status":"closed","ping_status":"closed","template":"home.php","meta":{"_acf_changed":false,"footnotes":""},"class_list":["post-6","page","type-page","status-publish","hentry"],"acf":[],"yoast_head":"<!-- This site is optimized with the Yoast SEO plugin v25.2 - https:\/\/yoast.com\/wordpress\/plugins\/seo\/ -->\n<title>Electromec\u00e1nica en Lureye | Tu socio por 80 a\u00f1os en Chile<\/title>\n<meta name=\"description\" content=\"Electromec\u00e1nica en Lureye: Motores el\u00e9ctricos, accionamientos el\u00e9ctricos, equipos de levante, automatizaci\u00f3n industrial y por m\u00e1s de 80 a\u00f1os.\" \/>\n<meta name=\"robots\" content=\"index, follow, max-snippet:-1, max-image-preview:large, max-video-preview:-1\" \/>\n<link rel=\"canonical\" href=\"https:\/\/lureye.cl\/electromecanica\/\" \/>\n<meta property=\"og:locale\" content=\"es_ES\" \/>\n<meta property=\"og:type\" content=\"article\" \/>\n<meta property=\"og:title\" content=\"Electromec\u00e1nica en Lureye | Tu socio por 80 a\u00f1os en Chile\" \/>\n<meta property=\"og:description\" content=\"Electromec\u00e1nica en Lureye: Motores el\u00e9ctricos, accionamientos el\u00e9ctricos, equipos de levante, automatizaci\u00f3n industrial y por m\u00e1s de 80 a\u00f1os.\" \/>\n<meta property=\"og:url\" content=\"https:\/\/lureye.cl\/electromecanica\/\" \/>\n<meta property=\"og:site_name\" content=\"Lureye Electromec\u00e1nica\" \/>\n<meta property=\"article:modified_time\" content=\"2025-11-04T20:14:22+00:00\" \/>\n<meta name=\"twitter:card\" content=\"summary_large_image\" \/>\n<script type=\"application\/ld+json\" class=\"yoast-schema-graph\">{\"@context\":\"https:\/\/schema.org\",\"@graph\":[{\"@type\":\"WebPage\",\"@id\":\"https:\/\/lureye.cl\/electromecanica\/\",\"url\":\"https:\/\/lureye.cl\/electromecanica\/\",\"name\":\"Electromec\u00e1nica en Lureye | Tu socio por 80 a\u00f1os en Chile\",\"isPartOf\":{\"@id\":\"https:\/\/lureye.cl\/electromecanica\/#website\"},\"datePublished\":\"2024-04-02T18:45:08+00:00\",\"dateModified\":\"2025-11-04T20:14:22+00:00\",\"description\":\"Electromec\u00e1nica en Lureye: Motores el\u00e9ctricos, accionamientos el\u00e9ctricos, equipos de levante, automatizaci\u00f3n industrial y por m\u00e1s de 80 a\u00f1os.\",\"breadcrumb\":{\"@id\":\"https:\/\/lureye.cl\/electromecanica\/#breadcrumb\"},\"inLanguage\":\"es\",\"potentialAction\":[{\"@type\":\"ReadAction\",\"target\":[\"https:\/\/lureye.cl\/electromecanica\/\"]}]},{\"@type\":\"BreadcrumbList\",\"@id\":\"https:\/\/lureye.cl\/electromecanica\/#breadcrumb\",\"itemListElement\":[{\"@type\":\"ListItem\",\"position\":1,\"name\":\"Portada\",\"item\":\"https:\/\/lureye.cl\/electromecanica\/\"},{\"@type\":\"ListItem\",\"position\":2,\"name\":\"Lureye Electromec\u00e1nica\"}]},{\"@type\":\"WebSite\",\"@id\":\"https:\/\/lureye.cl\/electromecanica\/#website\",\"url\":\"https:\/\/lureye.cl\/electromecanica\/\",\"name\":\"Lureye Electromec\u00e1nica\",\"description\":\"\",\"potentialAction\":[{\"@type\":\"SearchAction\",\"target\":{\"@type\":\"EntryPoint\",\"urlTemplate\":\"https:\/\/lureye.cl\/electromecanica\/?s={search_term_string}\"},\"query-input\":{\"@type\":\"PropertyValueSpecification\",\"valueRequired\":true,\"valueName\":\"search_term_string\"}}],\"inLanguage\":\"es\"}]}<\/script>\n<!-- \/ Yoast SEO plugin. -->","yoast_head_json":{"title":"Electromec\u00e1nica en Lureye | Tu socio por 80 a\u00f1os en Chile","description":"Electromec\u00e1nica en Lureye: Motores el\u00e9ctricos, accionamientos el\u00e9ctricos, equipos de levante, automatizaci\u00f3n industrial y por m\u00e1s de 80 a\u00f1os.","robots":{"index":"index","follow":"follow","max-snippet":"max-snippet:-1","max-image-preview":"max-image-preview:large","max-video-preview":"max-video-preview:-1"},"canonical":"https:\/\/lureye.cl\/electromecanica\/","og_locale":"es_ES","og_type":"article","og_title":"Electromec\u00e1nica en Lureye | Tu socio por 80 a\u00f1os en Chile","og_description":"Electromec\u00e1nica en Lureye: Motores el\u00e9ctricos, accionamientos el\u00e9ctricos, equipos de levante, automatizaci\u00f3n industrial y por m\u00e1s de 80 a\u00f1os.","og_url":"https:\/\/lureye.cl\/electromecanica\/","og_site_name":"Lureye Electromec\u00e1nica","article_modified_time":"2025-11-04T20:14:22+00:00","twitter_card":"summary_large_image","schema":{"@context":"https:\/\/schema.org","@graph":[{"@type":"WebPage","@id":"https:\/\/lureye.cl\/electromecanica\/","url":"https:\/\/lureye.cl\/electromecanica\/","name":"Electromec\u00e1nica en Lureye | Tu socio por 80 a\u00f1os en Chile","isPartOf":{"@id":"https:\/\/lureye.cl\/electromecanica\/#website"},"datePublished":"2024-04-02T18:45:08+00:00","dateModified":"2025-11-04T20:14:22+00:00","description":"Electromec\u00e1nica en Lureye: Motores el\u00e9ctricos, accionamientos el\u00e9ctricos, equipos de levante, automatizaci\u00f3n industrial y por m\u00e1s de 80 a\u00f1os.","breadcrumb":{"@id":"https:\/\/lureye.cl\/electromecanica\/#breadcrumb"},"inLanguage":"es","potentialAction":[{"@type":"ReadAction","target":["https:\/\/lureye.cl\/electromecanica\/"]}]},{"@type":"BreadcrumbList","@id":"https:\/\/lureye.cl\/electromecanica\/#breadcrumb","itemListElement":[{"@type":"ListItem","position":1,"name":"Portada","item":"https:\/\/lureye.cl\/electromecanica\/"},{"@type":"ListItem","position":2,"name":"Lureye Electromec\u00e1nica"}]},{"@type":"WebSite","@id":"https:\/\/lureye.cl\/electromecanica\/#website","url":"https:\/\/lureye.cl\/electromecanica\/","name":"Lureye Electromec\u00e1nica","description":"","potentialAction":[{"@type":"SearchAction","target":{"@type":"EntryPoint","urlTemplate":"https:\/\/lureye.cl\/electromecanica\/?s={search_term_string}"},"query-input":{"@type":"PropertyValueSpecification","valueRequired":true,"valueName":"search_term_string"}}],"inLanguage":"es"}]}},"_links":{"self":[{"href":"https:\/\/lureye.cl\/electromecanica\/wp-json\/wp\/v2\/pages\/6","targetHints":{"allow":["GET"]}}],"collection":[{"href":"https:\/\/lureye.cl\/electromecanica\/wp-json\/wp\/v2\/pages"}],"about":[{"href":"https:\/\/lureye.cl\/electromecanica\/wp-json\/wp\/v2\/types\/page"}],"author":[{"embeddable":true,"href":"https:\/\/lureye.cl\/electromecanica\/wp-json\/wp\/v2\/users\/4"}],"replies":[{"embeddable":true,"href":"https:\/\/lureye.cl\/electromecanica\/wp-json\/wp\/v2\/comments?post=6"}],"version-history":[{"count":78,"href":"https:\/\/lureye.cl\/electromecanica\/wp-json\/wp\/v2\/pages\/6\/revisions"}],"predecessor-version":[{"id":822,"href":"https:\/\/lureye.cl\/electromecanica\/wp-json\/wp\/v2\/pages\/6\/revisions\/822"}],"wp:attachment":[{"href":"https:\/\/lureye.cl\/electromecanica\/wp-json\/wp\/v2\/media?parent=6"}],"curies":[{"name":"wp","href":"https:\/\/api.w.org\/{rel}","templated":true}]}}