{"id":394,"date":"2024-04-18T19:08:42","date_gmt":"2024-04-18T17:08:42","guid":{"rendered":"http:\/\/localhost:8888\/lureye\/?page_id=394"},"modified":"2025-11-04T20:24:04","modified_gmt":"2025-11-04T19:24:04","slug":"proyectos","status":"publish","type":"page","link":"https:\/\/lureye.cl\/electromecanica\/proyectos\/","title":{"rendered":"Proyectos"},"content":{"rendered":"","protected":false},"excerpt":{"rendered":"","protected":false},"author":4,"featured_media":0,"parent":0,"menu_order":0,"comment_status":"closed","ping_status":"closed","template":"proyectos.php","meta":{"_acf_changed":false,"footnotes":""},"class_list":["post-394","page","type-page","status-publish","hentry"],"acf":[],"yoast_head":"<!-- This site is optimized with the Yoast SEO plugin v25.2 - https:\/\/yoast.com\/wordpress\/plugins\/seo\/ -->\n<title>Proyectos y Soluciones de Electromec\u00e1nica | Lureye, Chile<\/title>\n<meta name=\"description\" content=\"Proyectos y Soluciones de Electromec\u00e1nica. Asegura la continuidad operativa de tu proceso productivo. Cotiza en l\u00ednea.\" \/>\n<meta name=\"robots\" content=\"index, follow, max-snippet:-1, max-image-preview:large, max-video-preview:-1\" \/>\n<link rel=\"canonical\" href=\"https:\/\/lureye.cl\/electromecanica\/proyectos\/\" \/>\n<meta property=\"og:locale\" content=\"es_ES\" \/>\n<meta property=\"og:type\" content=\"article\" \/>\n<meta property=\"og:title\" content=\"Proyectos y Soluciones de Electromec\u00e1nica | Lureye, Chile\" \/>\n<meta property=\"og:description\" content=\"Proyectos y Soluciones de Electromec\u00e1nica. Asegura la continuidad operativa de tu proceso productivo. Cotiza en l\u00ednea.\" \/>\n<meta property=\"og:url\" content=\"https:\/\/lureye.cl\/electromecanica\/proyectos\/\" \/>\n<meta property=\"og:site_name\" content=\"Lureye Electromec\u00e1nica\" \/>\n<meta property=\"article:modified_time\" content=\"2025-11-04T19:24:04+00:00\" \/>\n<meta name=\"twitter:card\" content=\"summary_large_image\" \/>\n<script type=\"application\/ld+json\" class=\"yoast-schema-graph\">{\"@context\":\"https:\/\/schema.org\",\"@graph\":[{\"@type\":\"WebPage\",\"@id\":\"https:\/\/lureye.cl\/electromecanica\/proyectos\/\",\"url\":\"https:\/\/lureye.cl\/electromecanica\/proyectos\/\",\"name\":\"Proyectos y Soluciones de Electromec\u00e1nica | Lureye, Chile\",\"isPartOf\":{\"@id\":\"https:\/\/lureye.cl\/electromecanica\/#website\"},\"datePublished\":\"2024-04-18T17:08:42+00:00\",\"dateModified\":\"2025-11-04T19:24:04+00:00\",\"description\":\"Proyectos y Soluciones de Electromec\u00e1nica. Asegura la continuidad operativa de tu proceso productivo. Cotiza en l\u00ednea.\",\"breadcrumb\":{\"@id\":\"https:\/\/lureye.cl\/electromecanica\/proyectos\/#breadcrumb\"},\"inLanguage\":\"es\",\"potentialAction\":[{\"@type\":\"ReadAction\",\"target\":[\"https:\/\/lureye.cl\/electromecanica\/proyectos\/\"]}]},{\"@type\":\"BreadcrumbList\",\"@id\":\"https:\/\/lureye.cl\/electromecanica\/proyectos\/#breadcrumb\",\"itemListElement\":[{\"@type\":\"ListItem\",\"position\":1,\"name\":\"Portada\",\"item\":\"https:\/\/lureye.cl\/electromecanica\/\"},{\"@type\":\"ListItem\",\"position\":2,\"name\":\"Proyectos\"}]},{\"@type\":\"WebSite\",\"@id\":\"https:\/\/lureye.cl\/electromecanica\/#website\",\"url\":\"https:\/\/lureye.cl\/electromecanica\/\",\"name\":\"Lureye Electromec\u00e1nica\",\"description\":\"\",\"potentialAction\":[{\"@type\":\"SearchAction\",\"target\":{\"@type\":\"EntryPoint\",\"urlTemplate\":\"https:\/\/lureye.cl\/electromecanica\/?s={search_term_string}\"},\"query-input\":{\"@type\":\"PropertyValueSpecification\",\"valueRequired\":true,\"valueName\":\"search_term_string\"}}],\"inLanguage\":\"es\"}]}<\/script>\n<!-- \/ Yoast SEO plugin. -->","yoast_head_json":{"title":"Proyectos y Soluciones de Electromec\u00e1nica | Lureye, Chile","description":"Proyectos y Soluciones de Electromec\u00e1nica. Asegura la continuidad operativa de tu proceso productivo. Cotiza en l\u00ednea.","robots":{"index":"index","follow":"follow","max-snippet":"max-snippet:-1","max-image-preview":"max-image-preview:large","max-video-preview":"max-video-preview:-1"},"canonical":"https:\/\/lureye.cl\/electromecanica\/proyectos\/","og_locale":"es_ES","og_type":"article","og_title":"Proyectos y Soluciones de Electromec\u00e1nica | Lureye, Chile","og_description":"Proyectos y Soluciones de Electromec\u00e1nica. Asegura la continuidad operativa de tu proceso productivo. Cotiza en l\u00ednea.","og_url":"https:\/\/lureye.cl\/electromecanica\/proyectos\/","og_site_name":"Lureye Electromec\u00e1nica","article_modified_time":"2025-11-04T19:24:04+00:00","twitter_card":"summary_large_image","schema":{"@context":"https:\/\/schema.org","@graph":[{"@type":"WebPage","@id":"https:\/\/lureye.cl\/electromecanica\/proyectos\/","url":"https:\/\/lureye.cl\/electromecanica\/proyectos\/","name":"Proyectos y Soluciones de Electromec\u00e1nica | Lureye, Chile","isPartOf":{"@id":"https:\/\/lureye.cl\/electromecanica\/#website"},"datePublished":"2024-04-18T17:08:42+00:00","dateModified":"2025-11-04T19:24:04+00:00","description":"Proyectos y Soluciones de Electromec\u00e1nica. Asegura la continuidad operativa de tu proceso productivo. Cotiza en l\u00ednea.","breadcrumb":{"@id":"https:\/\/lureye.cl\/electromecanica\/proyectos\/#breadcrumb"},"inLanguage":"es","potentialAction":[{"@type":"ReadAction","target":["https:\/\/lureye.cl\/electromecanica\/proyectos\/"]}]},{"@type":"BreadcrumbList","@id":"https:\/\/lureye.cl\/electromecanica\/proyectos\/#breadcrumb","itemListElement":[{"@type":"ListItem","position":1,"name":"Portada","item":"https:\/\/lureye.cl\/electromecanica\/"},{"@type":"ListItem","position":2,"name":"Proyectos"}]},{"@type":"WebSite","@id":"https:\/\/lureye.cl\/electromecanica\/#website","url":"https:\/\/lureye.cl\/electromecanica\/","name":"Lureye Electromec\u00e1nica","description":"","potentialAction":[{"@type":"SearchAction","target":{"@type":"EntryPoint","urlTemplate":"https:\/\/lureye.cl\/electromecanica\/?s={search_term_string}"},"query-input":{"@type":"PropertyValueSpecification","valueRequired":true,"valueName":"search_term_string"}}],"inLanguage":"es"}]}},"_links":{"self":[{"href":"https:\/\/lureye.cl\/electromecanica\/wp-json\/wp\/v2\/pages\/394","targetHints":{"allow":["GET"]}}],"collection":[{"href":"https:\/\/lureye.cl\/electromecanica\/wp-json\/wp\/v2\/pages"}],"about":[{"href":"https:\/\/lureye.cl\/electromecanica\/wp-json\/wp\/v2\/types\/page"}],"author":[{"embeddable":true,"href":"https:\/\/lureye.cl\/electromecanica\/wp-json\/wp\/v2\/users\/4"}],"replies":[{"embeddable":true,"href":"https:\/\/lureye.cl\/electromecanica\/wp-json\/wp\/v2\/comments?post=394"}],"version-history":[{"count":22,"href":"https:\/\/lureye.cl\/electromecanica\/wp-json\/wp\/v2\/pages\/394\/revisions"}],"predecessor-version":[{"id":820,"href":"https:\/\/lureye.cl\/electromecanica\/wp-json\/wp\/v2\/pages\/394\/revisions\/820"}],"wp:attachment":[{"href":"https:\/\/lureye.cl\/electromecanica\/wp-json\/wp\/v2\/media?parent=394"}],"curies":[{"name":"wp","href":"https:\/\/api.w.org\/{rel}","templated":true}]}}