{"id":263,"date":"2024-04-08T22:40:30","date_gmt":"2024-04-08T20:40:30","guid":{"rendered":"http:\/\/localhost:8888\/lureye\/?page_id=263"},"modified":"2025-06-12T22:11:40","modified_gmt":"2025-06-12T20:11:40","slug":"tranmision-de-potencia","status":"publish","type":"page","link":"https:\/\/lureye.cl\/electromecanica\/productos\/tranmision-de-potencia\/","title":{"rendered":"TRANSMISI\u00d3N DE POTENCIA"},"content":{"rendered":"","protected":false},"excerpt":{"rendered":"","protected":false},"author":4,"featured_media":0,"parent":145,"menu_order":0,"comment_status":"closed","ping_status":"closed","template":"interior-productos.php","meta":{"_acf_changed":false,"footnotes":""},"class_list":["post-263","page","type-page","status-publish","hentry"],"acf":[],"yoast_head":"<!-- This site is optimized with the Yoast SEO plugin v25.2 - https:\/\/yoast.com\/wordpress\/plugins\/seo\/ -->\n<title>Transmisi\u00f3n de Potencia | Electromec\u00e1nica | Lureye<\/title>\n<meta name=\"description\" content=\"Transmisi\u00f3n de potencia, reductores coaxiales, planetarios, industriales, pendular, motoreductores de tornillo sin fin, y soluciones.\" \/>\n<meta name=\"robots\" content=\"index, follow, max-snippet:-1, max-image-preview:large, max-video-preview:-1\" \/>\n<link rel=\"canonical\" href=\"https:\/\/lureye.cl\/electromecanica\/productos\/tranmision-de-potencia\/\" \/>\n<meta property=\"og:locale\" content=\"es_ES\" \/>\n<meta property=\"og:type\" content=\"article\" \/>\n<meta property=\"og:title\" content=\"Transmisi\u00f3n de Potencia | Electromec\u00e1nica | Lureye\" \/>\n<meta property=\"og:description\" content=\"Transmisi\u00f3n de potencia, reductores coaxiales, planetarios, industriales, pendular, motoreductores de tornillo sin fin, y soluciones.\" \/>\n<meta property=\"og:url\" content=\"https:\/\/lureye.cl\/electromecanica\/productos\/tranmision-de-potencia\/\" \/>\n<meta property=\"og:site_name\" content=\"Lureye Electromec\u00e1nica\" \/>\n<meta property=\"article:modified_time\" content=\"2025-06-12T20:11:40+00:00\" \/>\n<meta name=\"twitter:card\" content=\"summary_large_image\" \/>\n<script type=\"application\/ld+json\" class=\"yoast-schema-graph\">{\"@context\":\"https:\/\/schema.org\",\"@graph\":[{\"@type\":\"WebPage\",\"@id\":\"https:\/\/lureye.cl\/electromecanica\/productos\/tranmision-de-potencia\/\",\"url\":\"https:\/\/lureye.cl\/electromecanica\/productos\/tranmision-de-potencia\/\",\"name\":\"Transmisi\u00f3n de Potencia | Electromec\u00e1nica | Lureye\",\"isPartOf\":{\"@id\":\"https:\/\/lureye.cl\/electromecanica\/#website\"},\"datePublished\":\"2024-04-08T20:40:30+00:00\",\"dateModified\":\"2025-06-12T20:11:40+00:00\",\"description\":\"Transmisi\u00f3n de potencia, reductores coaxiales, planetarios, industriales, pendular, motoreductores de tornillo sin fin, y soluciones.\",\"breadcrumb\":{\"@id\":\"https:\/\/lureye.cl\/electromecanica\/productos\/tranmision-de-potencia\/#breadcrumb\"},\"inLanguage\":\"es\",\"potentialAction\":[{\"@type\":\"ReadAction\",\"target\":[\"https:\/\/lureye.cl\/electromecanica\/productos\/tranmision-de-potencia\/\"]}]},{\"@type\":\"BreadcrumbList\",\"@id\":\"https:\/\/lureye.cl\/electromecanica\/productos\/tranmision-de-potencia\/#breadcrumb\",\"itemListElement\":[{\"@type\":\"ListItem\",\"position\":1,\"name\":\"Portada\",\"item\":\"https:\/\/lureye.cl\/electromecanica\/\"},{\"@type\":\"ListItem\",\"position\":2,\"name\":\"Productos\",\"item\":\"https:\/\/lureye.cl\/electromecanica\/productos\/\"},{\"@type\":\"ListItem\",\"position\":3,\"name\":\"TRANSMISI\u00d3N DE POTENCIA\"}]},{\"@type\":\"WebSite\",\"@id\":\"https:\/\/lureye.cl\/electromecanica\/#website\",\"url\":\"https:\/\/lureye.cl\/electromecanica\/\",\"name\":\"Lureye Electromec\u00e1nica\",\"description\":\"\",\"potentialAction\":[{\"@type\":\"SearchAction\",\"target\":{\"@type\":\"EntryPoint\",\"urlTemplate\":\"https:\/\/lureye.cl\/electromecanica\/?s={search_term_string}\"},\"query-input\":{\"@type\":\"PropertyValueSpecification\",\"valueRequired\":true,\"valueName\":\"search_term_string\"}}],\"inLanguage\":\"es\"}]}<\/script>\n<!-- \/ Yoast SEO plugin. -->","yoast_head_json":{"title":"Transmisi\u00f3n de Potencia | Electromec\u00e1nica | Lureye","description":"Transmisi\u00f3n de potencia, reductores coaxiales, planetarios, industriales, pendular, motoreductores de tornillo sin fin, y soluciones.","robots":{"index":"index","follow":"follow","max-snippet":"max-snippet:-1","max-image-preview":"max-image-preview:large","max-video-preview":"max-video-preview:-1"},"canonical":"https:\/\/lureye.cl\/electromecanica\/productos\/tranmision-de-potencia\/","og_locale":"es_ES","og_type":"article","og_title":"Transmisi\u00f3n de Potencia | Electromec\u00e1nica | Lureye","og_description":"Transmisi\u00f3n de potencia, reductores coaxiales, planetarios, industriales, pendular, motoreductores de tornillo sin fin, y soluciones.","og_url":"https:\/\/lureye.cl\/electromecanica\/productos\/tranmision-de-potencia\/","og_site_name":"Lureye Electromec\u00e1nica","article_modified_time":"2025-06-12T20:11:40+00:00","twitter_card":"summary_large_image","schema":{"@context":"https:\/\/schema.org","@graph":[{"@type":"WebPage","@id":"https:\/\/lureye.cl\/electromecanica\/productos\/tranmision-de-potencia\/","url":"https:\/\/lureye.cl\/electromecanica\/productos\/tranmision-de-potencia\/","name":"Transmisi\u00f3n de Potencia | Electromec\u00e1nica | Lureye","isPartOf":{"@id":"https:\/\/lureye.cl\/electromecanica\/#website"},"datePublished":"2024-04-08T20:40:30+00:00","dateModified":"2025-06-12T20:11:40+00:00","description":"Transmisi\u00f3n de potencia, reductores coaxiales, planetarios, industriales, pendular, motoreductores de tornillo sin fin, y soluciones.","breadcrumb":{"@id":"https:\/\/lureye.cl\/electromecanica\/productos\/tranmision-de-potencia\/#breadcrumb"},"inLanguage":"es","potentialAction":[{"@type":"ReadAction","target":["https:\/\/lureye.cl\/electromecanica\/productos\/tranmision-de-potencia\/"]}]},{"@type":"BreadcrumbList","@id":"https:\/\/lureye.cl\/electromecanica\/productos\/tranmision-de-potencia\/#breadcrumb","itemListElement":[{"@type":"ListItem","position":1,"name":"Portada","item":"https:\/\/lureye.cl\/electromecanica\/"},{"@type":"ListItem","position":2,"name":"Productos","item":"https:\/\/lureye.cl\/electromecanica\/productos\/"},{"@type":"ListItem","position":3,"name":"TRANSMISI\u00d3N DE POTENCIA"}]},{"@type":"WebSite","@id":"https:\/\/lureye.cl\/electromecanica\/#website","url":"https:\/\/lureye.cl\/electromecanica\/","name":"Lureye Electromec\u00e1nica","description":"","potentialAction":[{"@type":"SearchAction","target":{"@type":"EntryPoint","urlTemplate":"https:\/\/lureye.cl\/electromecanica\/?s={search_term_string}"},"query-input":{"@type":"PropertyValueSpecification","valueRequired":true,"valueName":"search_term_string"}}],"inLanguage":"es"}]}},"_links":{"self":[{"href":"https:\/\/lureye.cl\/electromecanica\/wp-json\/wp\/v2\/pages\/263","targetHints":{"allow":["GET"]}}],"collection":[{"href":"https:\/\/lureye.cl\/electromecanica\/wp-json\/wp\/v2\/pages"}],"about":[{"href":"https:\/\/lureye.cl\/electromecanica\/wp-json\/wp\/v2\/types\/page"}],"author":[{"embeddable":true,"href":"https:\/\/lureye.cl\/electromecanica\/wp-json\/wp\/v2\/users\/4"}],"replies":[{"embeddable":true,"href":"https:\/\/lureye.cl\/electromecanica\/wp-json\/wp\/v2\/comments?post=263"}],"version-history":[{"count":17,"href":"https:\/\/lureye.cl\/electromecanica\/wp-json\/wp\/v2\/pages\/263\/revisions"}],"predecessor-version":[{"id":778,"href":"https:\/\/lureye.cl\/electromecanica\/wp-json\/wp\/v2\/pages\/263\/revisions\/778"}],"up":[{"embeddable":true,"href":"https:\/\/lureye.cl\/electromecanica\/wp-json\/wp\/v2\/pages\/145"}],"wp:attachment":[{"href":"https:\/\/lureye.cl\/electromecanica\/wp-json\/wp\/v2\/media?parent=263"}],"curies":[{"name":"wp","href":"https:\/\/api.w.org\/{rel}","templated":true}]}}