{"id":208,"date":"2024-04-08T22:09:32","date_gmt":"2024-04-08T20:09:32","guid":{"rendered":"http:\/\/localhost:8888\/lureye\/?page_id=208"},"modified":"2025-06-12T22:03:27","modified_gmt":"2025-06-12T20:03:27","slug":"motores-electricos","status":"publish","type":"page","link":"https:\/\/lureye.cl\/electromecanica\/productos\/motores-electricos\/","title":{"rendered":"MOTORES EL\u00c9CTRICOS"},"content":{"rendered":"","protected":false},"excerpt":{"rendered":"","protected":false},"author":4,"featured_media":0,"parent":145,"menu_order":0,"comment_status":"closed","ping_status":"closed","template":"interior-productos.php","meta":{"_acf_changed":false,"footnotes":""},"class_list":["post-208","page","type-page","status-publish","hentry"],"acf":[],"yoast_head":"<!-- This site is optimized with the Yoast SEO plugin v25.2 - https:\/\/yoast.com\/wordpress\/plugins\/seo\/ -->\n<title>Motores El\u00e9ctricos | Electromec\u00e1nica | Lureye<\/title>\n<meta name=\"description\" content=\"Motores el\u00e9ctricos en Lureye. 80 a\u00f1os ahorrando energ\u00eda y reduciendo costos operativos en Chile. Sabemos de motores el\u00e9ctricos.\" \/>\n<meta name=\"robots\" content=\"index, follow, max-snippet:-1, max-image-preview:large, max-video-preview:-1\" \/>\n<link rel=\"canonical\" href=\"https:\/\/lureye.cl\/electromecanica\/productos\/motores-electricos\/\" \/>\n<meta property=\"og:locale\" content=\"es_ES\" \/>\n<meta property=\"og:type\" content=\"article\" \/>\n<meta property=\"og:title\" content=\"Motores El\u00e9ctricos | Electromec\u00e1nica | Lureye\" \/>\n<meta property=\"og:description\" content=\"Motores el\u00e9ctricos en Lureye. 80 a\u00f1os ahorrando energ\u00eda y reduciendo costos operativos en Chile. Sabemos de motores el\u00e9ctricos.\" \/>\n<meta property=\"og:url\" content=\"https:\/\/lureye.cl\/electromecanica\/productos\/motores-electricos\/\" \/>\n<meta property=\"og:site_name\" content=\"Lureye Electromec\u00e1nica\" \/>\n<meta property=\"article:modified_time\" content=\"2025-06-12T20:03:27+00:00\" \/>\n<meta name=\"twitter:card\" content=\"summary_large_image\" \/>\n<script type=\"application\/ld+json\" class=\"yoast-schema-graph\">{\"@context\":\"https:\/\/schema.org\",\"@graph\":[{\"@type\":\"WebPage\",\"@id\":\"https:\/\/lureye.cl\/electromecanica\/productos\/motores-electricos\/\",\"url\":\"https:\/\/lureye.cl\/electromecanica\/productos\/motores-electricos\/\",\"name\":\"Motores El\u00e9ctricos | Electromec\u00e1nica | Lureye\",\"isPartOf\":{\"@id\":\"https:\/\/lureye.cl\/electromecanica\/#website\"},\"datePublished\":\"2024-04-08T20:09:32+00:00\",\"dateModified\":\"2025-06-12T20:03:27+00:00\",\"description\":\"Motores el\u00e9ctricos en Lureye. 80 a\u00f1os ahorrando energ\u00eda y reduciendo costos operativos en Chile. Sabemos de motores el\u00e9ctricos.\",\"breadcrumb\":{\"@id\":\"https:\/\/lureye.cl\/electromecanica\/productos\/motores-electricos\/#breadcrumb\"},\"inLanguage\":\"es\",\"potentialAction\":[{\"@type\":\"ReadAction\",\"target\":[\"https:\/\/lureye.cl\/electromecanica\/productos\/motores-electricos\/\"]}]},{\"@type\":\"BreadcrumbList\",\"@id\":\"https:\/\/lureye.cl\/electromecanica\/productos\/motores-electricos\/#breadcrumb\",\"itemListElement\":[{\"@type\":\"ListItem\",\"position\":1,\"name\":\"Portada\",\"item\":\"https:\/\/lureye.cl\/electromecanica\/\"},{\"@type\":\"ListItem\",\"position\":2,\"name\":\"Productos\",\"item\":\"https:\/\/lureye.cl\/electromecanica\/productos\/\"},{\"@type\":\"ListItem\",\"position\":3,\"name\":\"MOTORES EL\u00c9CTRICOS\"}]},{\"@type\":\"WebSite\",\"@id\":\"https:\/\/lureye.cl\/electromecanica\/#website\",\"url\":\"https:\/\/lureye.cl\/electromecanica\/\",\"name\":\"Lureye Electromec\u00e1nica\",\"description\":\"\",\"potentialAction\":[{\"@type\":\"SearchAction\",\"target\":{\"@type\":\"EntryPoint\",\"urlTemplate\":\"https:\/\/lureye.cl\/electromecanica\/?s={search_term_string}\"},\"query-input\":{\"@type\":\"PropertyValueSpecification\",\"valueRequired\":true,\"valueName\":\"search_term_string\"}}],\"inLanguage\":\"es\"}]}<\/script>\n<!-- \/ Yoast SEO plugin. -->","yoast_head_json":{"title":"Motores El\u00e9ctricos | Electromec\u00e1nica | Lureye","description":"Motores el\u00e9ctricos en Lureye. 80 a\u00f1os ahorrando energ\u00eda y reduciendo costos operativos en Chile. Sabemos de motores el\u00e9ctricos.","robots":{"index":"index","follow":"follow","max-snippet":"max-snippet:-1","max-image-preview":"max-image-preview:large","max-video-preview":"max-video-preview:-1"},"canonical":"https:\/\/lureye.cl\/electromecanica\/productos\/motores-electricos\/","og_locale":"es_ES","og_type":"article","og_title":"Motores El\u00e9ctricos | Electromec\u00e1nica | Lureye","og_description":"Motores el\u00e9ctricos en Lureye. 80 a\u00f1os ahorrando energ\u00eda y reduciendo costos operativos en Chile. Sabemos de motores el\u00e9ctricos.","og_url":"https:\/\/lureye.cl\/electromecanica\/productos\/motores-electricos\/","og_site_name":"Lureye Electromec\u00e1nica","article_modified_time":"2025-06-12T20:03:27+00:00","twitter_card":"summary_large_image","schema":{"@context":"https:\/\/schema.org","@graph":[{"@type":"WebPage","@id":"https:\/\/lureye.cl\/electromecanica\/productos\/motores-electricos\/","url":"https:\/\/lureye.cl\/electromecanica\/productos\/motores-electricos\/","name":"Motores El\u00e9ctricos | Electromec\u00e1nica | Lureye","isPartOf":{"@id":"https:\/\/lureye.cl\/electromecanica\/#website"},"datePublished":"2024-04-08T20:09:32+00:00","dateModified":"2025-06-12T20:03:27+00:00","description":"Motores el\u00e9ctricos en Lureye. 80 a\u00f1os ahorrando energ\u00eda y reduciendo costos operativos en Chile. Sabemos de motores el\u00e9ctricos.","breadcrumb":{"@id":"https:\/\/lureye.cl\/electromecanica\/productos\/motores-electricos\/#breadcrumb"},"inLanguage":"es","potentialAction":[{"@type":"ReadAction","target":["https:\/\/lureye.cl\/electromecanica\/productos\/motores-electricos\/"]}]},{"@type":"BreadcrumbList","@id":"https:\/\/lureye.cl\/electromecanica\/productos\/motores-electricos\/#breadcrumb","itemListElement":[{"@type":"ListItem","position":1,"name":"Portada","item":"https:\/\/lureye.cl\/electromecanica\/"},{"@type":"ListItem","position":2,"name":"Productos","item":"https:\/\/lureye.cl\/electromecanica\/productos\/"},{"@type":"ListItem","position":3,"name":"MOTORES EL\u00c9CTRICOS"}]},{"@type":"WebSite","@id":"https:\/\/lureye.cl\/electromecanica\/#website","url":"https:\/\/lureye.cl\/electromecanica\/","name":"Lureye Electromec\u00e1nica","description":"","potentialAction":[{"@type":"SearchAction","target":{"@type":"EntryPoint","urlTemplate":"https:\/\/lureye.cl\/electromecanica\/?s={search_term_string}"},"query-input":{"@type":"PropertyValueSpecification","valueRequired":true,"valueName":"search_term_string"}}],"inLanguage":"es"}]}},"_links":{"self":[{"href":"https:\/\/lureye.cl\/electromecanica\/wp-json\/wp\/v2\/pages\/208","targetHints":{"allow":["GET"]}}],"collection":[{"href":"https:\/\/lureye.cl\/electromecanica\/wp-json\/wp\/v2\/pages"}],"about":[{"href":"https:\/\/lureye.cl\/electromecanica\/wp-json\/wp\/v2\/types\/page"}],"author":[{"embeddable":true,"href":"https:\/\/lureye.cl\/electromecanica\/wp-json\/wp\/v2\/users\/4"}],"replies":[{"embeddable":true,"href":"https:\/\/lureye.cl\/electromecanica\/wp-json\/wp\/v2\/comments?post=208"}],"version-history":[{"count":59,"href":"https:\/\/lureye.cl\/electromecanica\/wp-json\/wp\/v2\/pages\/208\/revisions"}],"predecessor-version":[{"id":774,"href":"https:\/\/lureye.cl\/electromecanica\/wp-json\/wp\/v2\/pages\/208\/revisions\/774"}],"up":[{"embeddable":true,"href":"https:\/\/lureye.cl\/electromecanica\/wp-json\/wp\/v2\/pages\/145"}],"wp:attachment":[{"href":"https:\/\/lureye.cl\/electromecanica\/wp-json\/wp\/v2\/media?parent=208"}],"curies":[{"name":"wp","href":"https:\/\/api.w.org\/{rel}","templated":true}]}}