{"id":79,"date":"2025-05-12T16:12:33","date_gmt":"2025-05-12T16:12:33","guid":{"rendered":"https:\/\/lureye.dreamhosters.com\/?page_id=79"},"modified":"2025-05-15T14:24:58","modified_gmt":"2025-05-15T14:24:58","slug":"grupos-electrogenos","status":"publish","type":"page","link":"https:\/\/lureye.cl\/arriendo-generadores\/soluciones-temporales\/grupos-electrogenos\/","title":{"rendered":"Grupos Electr\u00f3genos"},"content":{"rendered":"\t\t<div data-elementor-type=\"wp-page\" data-elementor-id=\"79\" class=\"elementor elementor-79\" data-elementor-post-type=\"page\">\n\t\t\t\t<div class=\"elementor-element elementor-element-701d226 e-con-full e-flex e-con e-parent\" data-id=\"701d226\" data-element_type=\"container\">\n\t\t\t\t<div class=\"elementor-element elementor-element-6ee60b4 elementor-widget__width-inherit elementor-widget elementor-widget-template\" data-id=\"6ee60b4\" data-element_type=\"widget\" data-widget_type=\"template.default\">\n\t\t\t\t<div class=\"elementor-widget-container\">\n\t\t\t\t\t\t\t<div class=\"elementor-template\">\n\t\t\t\t\t<div data-elementor-type=\"container\" data-elementor-id=\"287\" class=\"elementor elementor-287\" data-elementor-post-type=\"elementor_library\">\n\t\t\t\t<div class=\"elementor-element elementor-element-6b672eba e-con-full e-flex e-con e-parent\" data-id=\"6b672eba\" data-element_type=\"container\" data-settings=\"{&quot;background_background&quot;:&quot;classic&quot;}\">\n\t\t<div class=\"elementor-element elementor-element-66d195e e-flex e-con-boxed e-con e-child\" data-id=\"66d195e\" data-element_type=\"container\">\n\t\t\t\t\t<div class=\"e-con-inner\">\n\t\t<div class=\"elementor-element elementor-element-2210bd5e e-con-full e-flex e-con e-child\" data-id=\"2210bd5e\" data-element_type=\"container\">\n\t\t\t\t<div class=\"elementor-element elementor-element-458a296f elementor-widget__width-inherit elementor-widget elementor-widget-heading\" data-id=\"458a296f\" data-element_type=\"widget\" data-widget_type=\"heading.default\">\n\t\t\t\t<div class=\"elementor-widget-container\">\n\t\t\t\t\t<h1 class=\"elementor-heading-title elementor-size-default\">Grupos Electr\u00f3genos<\/h1>\t\t\t\t<\/div>\n\t\t\t\t<\/div>\n\t\t\t\t<\/div>\n\t\t<div class=\"elementor-element elementor-element-9d845a9 e-con-full e-flex e-con e-child\" data-id=\"9d845a9\" data-element_type=\"container\">\n\t\t\t\t<\/div>\n\t\t\t\t\t<\/div>\n\t\t\t\t<\/div>\n\t\t\t\t<\/div>\n\t\t<div class=\"elementor-element elementor-element-8ef29a0 e-flex e-con-boxed e-con e-parent\" data-id=\"8ef29a0\" data-element_type=\"container\">\n\t\t\t\t\t<div class=\"e-con-inner\">\n\t\t\t\t<div class=\"elementor-element elementor-element-fd148e7 elementor-widget elementor-widget-bosque_breadcrumb\" data-id=\"fd148e7\" data-element_type=\"widget\" data-widget_type=\"bosque_breadcrumb.default\">\n\t\t\t\t<div class=\"elementor-widget-container\">\n\t\t\t\t\t<nav aria-label=\"Breadcrumb\"><ol class=\"bosque-breadcrumb\"><li class=\"bosque-breadcrumb-item\"><a class=\"bosque-breadcrumb-link\" href=\"https:\/\/lureye.cl\/arriendo-generadores\/\">Inicio<\/a><span class=\"bosque-breadcrumb-separator\">\u203a<\/span><\/li><li class=\"bosque-breadcrumb-item bosque-breadcrumb-current\">Page<\/li><\/ol><\/nav>\t\t\t\t<\/div>\n\t\t\t\t<\/div>\n\t\t\t\t\t<\/div>\n\t\t\t\t<\/div>\n\t\t\t\t<\/div>\n\t\t\t\t<\/div>\n\t\t\t\t\t\t<\/div>\n\t\t\t\t<\/div>\n\t\t\t\t<\/div>\n\t\t<div class=\"elementor-element elementor-element-f482572 e-flex e-con-boxed e-con e-parent\" data-id=\"f482572\" data-element_type=\"container\">\n\t\t\t\t\t<div class=\"e-con-inner\">\n\t\t<div class=\"elementor-element elementor-element-9ed63b3 e-con-full e-flex e-con e-child\" data-id=\"9ed63b3\" data-element_type=\"container\">\n\t\t\t\t<div class=\"elementor-element elementor-element-9bd097e elementor-widget elementor-widget-image\" data-id=\"9bd097e\" data-element_type=\"widget\" data-widget_type=\"image.default\">\n\t\t\t\t<div class=\"elementor-widget-container\">\n\t\t\t\t\t\t\t\t\t\t\t\t\t\t\t<img fetchpriority=\"high\" decoding=\"async\" width=\"1080\" height=\"1080\" src=\"https:\/\/lureye.cl\/arriendo-generadores\/wp-content\/uploads\/2025\/05\/Grupos-electrogenos-12-a-1250-Kva.jpg\" class=\"attachment-full size-full wp-image-258\" alt=\"\" srcset=\"https:\/\/lureye.cl\/arriendo-generadores\/wp-content\/uploads\/2025\/05\/Grupos-electrogenos-12-a-1250-Kva.jpg 1080w, https:\/\/lureye.cl\/arriendo-generadores\/wp-content\/uploads\/2025\/05\/Grupos-electrogenos-12-a-1250-Kva-300x300.jpg 300w, https:\/\/lureye.cl\/arriendo-generadores\/wp-content\/uploads\/2025\/05\/Grupos-electrogenos-12-a-1250-Kva-1024x1024.jpg 1024w, https:\/\/lureye.cl\/arriendo-generadores\/wp-content\/uploads\/2025\/05\/Grupos-electrogenos-12-a-1250-Kva-150x150.jpg 150w, https:\/\/lureye.cl\/arriendo-generadores\/wp-content\/uploads\/2025\/05\/Grupos-electrogenos-12-a-1250-Kva-768x768.jpg 768w\" sizes=\"(max-width: 1080px) 100vw, 1080px\" \/>\t\t\t\t\t\t\t\t\t\t\t\t\t\t\t<\/div>\n\t\t\t\t<\/div>\n\t\t\t\t<\/div>\n\t\t<div class=\"elementor-element elementor-element-9bf5d53 e-con-full e-flex e-con e-child\" data-id=\"9bf5d53\" data-element_type=\"container\">\n\t\t\t\t<div class=\"elementor-element elementor-element-aa6bf75 elementor-widget elementor-widget-heading\" data-id=\"aa6bf75\" data-element_type=\"widget\" data-widget_type=\"heading.default\">\n\t\t\t\t<div class=\"elementor-widget-container\">\n\t\t\t\t\t<h2 class=\"elementor-heading-title elementor-size-default\">Grupos Generadores de 100 a 1250 KVA<\/h2>\t\t\t\t<\/div>\n\t\t\t\t<\/div>\n\t\t\t\t<div class=\"elementor-element elementor-element-e204e9a elementor-widget elementor-widget-text-editor\" data-id=\"e204e9a\" data-element_type=\"widget\" data-widget_type=\"text-editor.default\">\n\t\t\t\t<div class=\"elementor-widget-container\">\n\t\t\t\t\t\t\t\t\t<ul>\n \t<li>Tenemos el mayor stock disponible de grupos generadores a lo largo de Chile.<\/li>\n \t<li>Mayor rango de potencia del mercado.<\/li>\n \t<li>Disponibilidad inmediata<\/li>\n \t<li>Soluciones a medida de cada cliente<\/li>\n \t<li>Equipos que cumplen la norma TIER 3<\/li>\n<\/ul>\t\t\t\t\t\t\t\t<\/div>\n\t\t\t\t<\/div>\n\t\t\t\t<div class=\"elementor-element elementor-element-7024fe7 elementor-widget elementor-widget-heading\" data-id=\"7024fe7\" data-element_type=\"widget\" data-widget_type=\"heading.default\">\n\t\t\t\t<div class=\"elementor-widget-container\">\n\t\t\t\t\t<h3 class=\"elementor-heading-title elementor-size-default\">Innovaci\u00f3n<\/h3>\t\t\t\t<\/div>\n\t\t\t\t<\/div>\n\t\t\t\t<div class=\"elementor-element elementor-element-bb91e05 elementor-widget elementor-widget-text-editor\" data-id=\"bb91e05\" data-element_type=\"widget\" data-widget_type=\"text-editor.default\">\n\t\t\t\t<div class=\"elementor-widget-container\">\n\t\t\t\t\t\t\t\t\t<p>Nuestra flota de grupos electr\u00f3genos cumplen con la normativa TIER 3, reduciendo las emisiones de material particulado y Nox, sin comprometer la potencia, asegurando la entrega constante de energ\u00eda.<\/p>\t\t\t\t\t\t\t\t<\/div>\n\t\t\t\t<\/div>\n\t\t\t\t<div class=\"elementor-element elementor-element-d29b083 elementor-widget elementor-widget-button\" data-id=\"d29b083\" data-element_type=\"widget\" data-widget_type=\"button.default\">\n\t\t\t\t<div class=\"elementor-widget-container\">\n\t\t\t\t\t\t\t\t\t<div class=\"elementor-button-wrapper\">\n\t\t\t\t\t<a class=\"elementor-button elementor-button-link elementor-size-sm\" href=\"https:\/\/lureye.cl\/arriendo-generadores\/soluciones-temporales\/grupos-electrogenos\/informacion-tecnica-generadores\/\">\n\t\t\t\t\t\t<span class=\"elementor-button-content-wrapper\">\n\t\t\t\t\t\t\t\t\t<span class=\"elementor-button-text\">Conoce la informaci\u00f3n t\u00e9cnica<\/span>\n\t\t\t\t\t<\/span>\n\t\t\t\t\t<\/a>\n\t\t\t\t<\/div>\n\t\t\t\t\t\t\t\t<\/div>\n\t\t\t\t<\/div>\n\t\t\t\t<\/div>\n\t\t\t\t\t<\/div>\n\t\t\t\t<\/div>\n\t\t<div class=\"elementor-element elementor-element-e318d83 e-flex e-con-boxed e-con e-parent\" data-id=\"e318d83\" data-element_type=\"container\">\n\t\t\t\t\t<div class=\"e-con-inner\">\n\t\t<div class=\"elementor-element elementor-element-2cfd95c e-con-full e-flex e-con e-child\" data-id=\"2cfd95c\" data-element_type=\"container\" data-settings=\"{&quot;background_background&quot;:&quot;classic&quot;}\">\n\t\t\t\t<div class=\"elementor-element elementor-element-b8241ce elementor-widget elementor-widget-heading\" data-id=\"b8241ce\" data-element_type=\"widget\" data-widget_type=\"heading.default\">\n\t\t\t\t<div class=\"elementor-widget-container\">\n\t\t\t\t\t<h4 class=\"elementor-heading-title elementor-size-default\">Equipos Certificados<\/h4>\t\t\t\t<\/div>\n\t\t\t\t<\/div>\n\t\t\t\t<div class=\"elementor-element elementor-element-af32027 elementor-widget elementor-widget-text-editor\" data-id=\"af32027\" data-element_type=\"widget\" data-widget_type=\"text-editor.default\">\n\t\t\t\t<div class=\"elementor-widget-container\">\n\t\t\t\t\t\t\t\t\t<p>Todos los equipos cuentan con los permisos exigidos por el Ministerio de Medio Ambiente, lo que garantiza una alta confiabilidad en la operaci\u00f3n.<\/p>\t\t\t\t\t\t\t\t<\/div>\n\t\t\t\t<\/div>\n\t\t\t\t<\/div>\n\t\t<div class=\"elementor-element elementor-element-43ac2ca e-con-full e-flex e-con e-child\" data-id=\"43ac2ca\" data-element_type=\"container\" data-settings=\"{&quot;background_background&quot;:&quot;classic&quot;}\">\n\t\t\t\t<div class=\"elementor-element elementor-element-0a5d85c elementor-widget elementor-widget-heading\" data-id=\"0a5d85c\" data-element_type=\"widget\" data-widget_type=\"heading.default\">\n\t\t\t\t<div class=\"elementor-widget-container\">\n\t\t\t\t\t<h4 class=\"elementor-heading-title elementor-size-default\">MANTENCI\u00d3N PERI\u00d3DICA<\/h4>\t\t\t\t<\/div>\n\t\t\t\t<\/div>\n\t\t\t\t<div class=\"elementor-element elementor-element-60b67e5 elementor-widget elementor-widget-text-editor\" data-id=\"60b67e5\" data-element_type=\"widget\" data-widget_type=\"text-editor.default\">\n\t\t\t\t<div class=\"elementor-widget-container\">\n\t\t\t\t\t\t\t\t\t<p>Los planes de mantenimiento y controles t\u00e9cnicos peri\u00f3dicos de los equipos son realizados de acuerdo a estrictos protocolos de f\u00e1brica.<\/p>\t\t\t\t\t\t\t\t<\/div>\n\t\t\t\t<\/div>\n\t\t\t\t<\/div>\n\t\t<div class=\"elementor-element elementor-element-ee92530 e-con-full e-flex e-con e-child\" data-id=\"ee92530\" data-element_type=\"container\" data-settings=\"{&quot;background_background&quot;:&quot;classic&quot;}\">\n\t\t\t\t<div class=\"elementor-element elementor-element-e1fdd2d elementor-widget elementor-widget-heading\" data-id=\"e1fdd2d\" data-element_type=\"widget\" data-widget_type=\"heading.default\">\n\t\t\t\t<div class=\"elementor-widget-container\">\n\t\t\t\t\t<h4 class=\"elementor-heading-title elementor-size-default\">RENOVACI\u00d3N PERMANENTE<\/h4>\t\t\t\t<\/div>\n\t\t\t\t<\/div>\n\t\t\t\t<div class=\"elementor-element elementor-element-ba5f0f6 elementor-widget elementor-widget-text-editor\" data-id=\"ba5f0f6\" data-element_type=\"widget\" data-widget_type=\"text-editor.default\">\n\t\t\t\t<div class=\"elementor-widget-container\">\n\t\t\t\t\t\t\t\t\t<p>Hemos definido una pol\u00edtica de renovaci\u00f3n que nos permite disponer s\u00f3lo de equipos de reciente fabricaci\u00f3n (normalmente del a\u00f1o).<\/p>\t\t\t\t\t\t\t\t<\/div>\n\t\t\t\t<\/div>\n\t\t\t\t<\/div>\n\t\t\t\t\t<\/div>\n\t\t\t\t<\/div>\n\t\t<div class=\"elementor-element elementor-element-0006fcc e-con-full e-flex e-con e-parent\" data-id=\"0006fcc\" data-element_type=\"container\">\n\t\t\t\t<div class=\"elementor-element elementor-element-fba2e8c elementor-widget elementor-widget-template\" data-id=\"fba2e8c\" data-element_type=\"widget\" data-widget_type=\"template.default\">\n\t\t\t\t<div class=\"elementor-widget-container\">\n\t\t\t\t\t\t\t<div class=\"elementor-template\">\n\t\t\t\t\t<div data-elementor-type=\"container\" data-elementor-id=\"264\" class=\"elementor elementor-264\" data-elementor-post-type=\"elementor_library\">\n\t\t\t\t<div class=\"elementor-element elementor-element-400a284 e-con-full e-flex e-con e-parent\" data-id=\"400a284\" data-element_type=\"container\" data-settings=\"{&quot;background_background&quot;:&quot;classic&quot;}\">\n\t\t\t\t<div class=\"elementor-element elementor-element-5362586d elementor-widget elementor-widget-heading\" data-id=\"5362586d\" data-element_type=\"widget\" data-widget_type=\"heading.default\">\n\t\t\t\t<div class=\"elementor-widget-container\">\n\t\t\t\t\t<h3 class=\"elementor-heading-title elementor-size-default\">\u00a1Te ayudamos en tus requerimientos!<\/h3>\t\t\t\t<\/div>\n\t\t\t\t<\/div>\n\t\t\t\t<div class=\"elementor-element elementor-element-6d1aecf8 elementor-widget elementor-widget-text-editor\" data-id=\"6d1aecf8\" data-element_type=\"widget\" data-widget_type=\"text-editor.default\">\n\t\t\t\t<div class=\"elementor-widget-container\">\n\t\t\t\t\t\t\t\t\t<div class=\"row justify-content-center align-items-center text-center py-5 mb-lg-4\"><div class=\"col-md-8\"><p class=\"text-white mt-3\">Durante estos 80 a\u00f1os, hemos ido innovando en soluciones de suministro de energ\u00eda a los sectores productivos de todo el pa\u00eds.<\/p><\/div><\/div>\t\t\t\t\t\t\t\t<\/div>\n\t\t\t\t<\/div>\n\t\t\t\t<div class=\"elementor-element elementor-element-3d3123a3 elementor-widget elementor-widget-heading\" data-id=\"3d3123a3\" data-element_type=\"widget\" data-widget_type=\"heading.default\">\n\t\t\t\t<div class=\"elementor-widget-container\">\n\t\t\t\t\t<h4 class=\"elementor-heading-title elementor-size-default\">Cont\u00e1ctanos<\/h4>\t\t\t\t<\/div>\n\t\t\t\t<\/div>\n\t\t\t\t<div class=\"elementor-element elementor-element-c25bcac elementor-widget__width-initial elementor-widget elementor-widget-bosque_cf7_styler\" data-id=\"c25bcac\" data-element_type=\"widget\" data-widget_type=\"bosque_cf7_styler.default\">\n\t\t\t\t<div class=\"elementor-widget-container\">\n\t\t\t\t\t<div class=\"bosque-cf7-container\">\n<div class=\"wpcf7 no-js\" id=\"wpcf7-f263-o1\" lang=\"es-ES\" dir=\"ltr\" data-wpcf7-id=\"263\">\n<div class=\"screen-reader-response\"><p role=\"status\" aria-live=\"polite\" aria-atomic=\"true\"><\/p> <ul><\/ul><\/div>\n<form action=\"\/arriendo-generadores\/wp-json\/wp\/v2\/pages\/79#wpcf7-f263-o1\" method=\"post\" class=\"wpcf7-form init\" aria-label=\"Formulario de contacto\" novalidate=\"novalidate\" data-status=\"init\">\n<fieldset class=\"hidden-fields-container\"><input type=\"hidden\" name=\"_wpcf7\" value=\"263\" \/><input type=\"hidden\" name=\"_wpcf7_version\" value=\"6.1.5\" \/><input type=\"hidden\" name=\"_wpcf7_locale\" value=\"es_ES\" \/><input type=\"hidden\" name=\"_wpcf7_unit_tag\" value=\"wpcf7-f263-o1\" \/><input type=\"hidden\" name=\"_wpcf7_container_post\" value=\"0\" \/><input type=\"hidden\" name=\"_wpcf7_posted_data_hash\" value=\"\" \/>\n<\/fieldset>\n<div class=\"form-grid\">\n\t<div class=\"form-field\">\n\t\t<p><span class=\"wpcf7-form-control-wrap\" data-name=\"nombre\"><input size=\"40\" maxlength=\"400\" minlength=\"2\" class=\"wpcf7-form-control wpcf7-text wpcf7-validates-as-required\" autocomplete=\"name\" aria-required=\"true\" aria-invalid=\"false\" placeholder=\"Nombre\" value=\"\" type=\"text\" name=\"nombre\" \/><\/span>\n\t\t<\/p>\n\t<\/div>\n\t<div class=\"form-field\">\n\t\t<p><span class=\"wpcf7-form-control-wrap\" data-name=\"email\"><input size=\"40\" maxlength=\"400\" class=\"wpcf7-form-control wpcf7-email wpcf7-validates-as-required wpcf7-text wpcf7-validates-as-email\" autocomplete=\"email\" aria-required=\"true\" aria-invalid=\"false\" placeholder=\"Email\" value=\"\" type=\"email\" name=\"email\" \/><\/span>\n\t\t<\/p>\n\t<\/div>\n\t<div class=\"form-field\">\n\t\t<p><span class=\"wpcf7-form-control-wrap\" data-name=\"tel-58\"><input size=\"40\" maxlength=\"400\" class=\"wpcf7-form-control wpcf7-tel wpcf7-validates-as-required wpcf7-text wpcf7-validates-as-tel\" autocomplete=\"telephone\" aria-required=\"true\" aria-invalid=\"false\" placeholder=\"Tel\u00e9fono\" value=\"\" type=\"tel\" name=\"tel-58\" \/><\/span>\n\t\t<\/p>\n\t<\/div>\n\t<div class=\"form-field\">\n\t\t<p><span class=\"wpcf7-form-control-wrap\" data-name=\"empresa\"><input size=\"40\" maxlength=\"400\" minlength=\"2\" class=\"wpcf7-form-control wpcf7-text wpcf7-validates-as-required\" autocomplete=\"organization\" aria-required=\"true\" aria-invalid=\"false\" placeholder=\"Empresa\" value=\"\" type=\"text\" name=\"empresa\" \/><\/span>\n\t\t<\/p>\n\t<\/div>\n\t<div class=\"form-field\">\n\t\t<p><span class=\"wpcf7-form-control-wrap\" data-name=\"ciudad\"><input size=\"40\" maxlength=\"400\" minlength=\"2\" class=\"wpcf7-form-control wpcf7-text wpcf7-validates-as-required\" autocomplete=\"address-level2\" aria-required=\"true\" aria-invalid=\"false\" placeholder=\"Ciudad\" value=\"\" type=\"text\" name=\"ciudad\" \/><\/span>\n\t\t<\/p>\n\t<\/div>\n\t<div class=\"form-submit\">\n\t\t<p><input class=\"wpcf7-form-control wpcf7-submit has-spinner\" type=\"submit\" value=\"Enviar\" \/>\n\t\t<\/p>\n\t<\/div>\n<\/div><div class=\"wpcf7-response-output\" aria-hidden=\"true\"><\/div>\n<\/form>\n<\/div>\n<\/div>\t\t\t\t<\/div>\n\t\t\t\t<\/div>\n\t\t\t\t<\/div>\n\t\t\t\t<\/div>\n\t\t\t\t<\/div>\n\t\t\t\t\t\t<\/div>\n\t\t\t\t<\/div>\n\t\t\t\t<\/div>\n\t\t\t\t<\/div>\n\t\t","protected":false},"excerpt":{"rendered":"<p>Grupos Generadores de 100 a 1250 KVA Tenemos el mayor stock disponible de grupos generadores a lo largo de Chile. Mayor rango de potencia del mercado. Disponibilidad inmediata Soluciones a medida de cada cliente Equipos que cumplen la norma TIER 3 Innovaci\u00f3n Nuestra flota de grupos electr\u00f3genos cumplen con la normativa TIER 3, reduciendo las [&hellip;]<\/p>\n","protected":false},"author":1,"featured_media":302,"parent":77,"menu_order":0,"comment_status":"closed","ping_status":"closed","template":"","meta":{"footnotes":""},"class_list":["post-79","page","type-page","status-publish","has-post-thumbnail","hentry"],"_links":{"self":[{"href":"https:\/\/lureye.cl\/arriendo-generadores\/wp-json\/wp\/v2\/pages\/79","targetHints":{"allow":["GET"]}}],"collection":[{"href":"https:\/\/lureye.cl\/arriendo-generadores\/wp-json\/wp\/v2\/pages"}],"about":[{"href":"https:\/\/lureye.cl\/arriendo-generadores\/wp-json\/wp\/v2\/types\/page"}],"author":[{"embeddable":true,"href":"https:\/\/lureye.cl\/arriendo-generadores\/wp-json\/wp\/v2\/users\/1"}],"replies":[{"embeddable":true,"href":"https:\/\/lureye.cl\/arriendo-generadores\/wp-json\/wp\/v2\/comments?post=79"}],"version-history":[{"count":10,"href":"https:\/\/lureye.cl\/arriendo-generadores\/wp-json\/wp\/v2\/pages\/79\/revisions"}],"predecessor-version":[{"id":1101,"href":"https:\/\/lureye.cl\/arriendo-generadores\/wp-json\/wp\/v2\/pages\/79\/revisions\/1101"}],"up":[{"embeddable":true,"href":"https:\/\/lureye.cl\/arriendo-generadores\/wp-json\/wp\/v2\/pages\/77"}],"wp:featuredmedia":[{"embeddable":true,"href":"https:\/\/lureye.cl\/arriendo-generadores\/wp-json\/wp\/v2\/media\/302"}],"wp:attachment":[{"href":"https:\/\/lureye.cl\/arriendo-generadores\/wp-json\/wp\/v2\/media?parent=79"}],"curies":[{"name":"wp","href":"https:\/\/api.w.org\/{rel}","templated":true}]}}