{"id":53,"date":"2025-05-12T16:07:24","date_gmt":"2025-05-12T16:07:24","guid":{"rendered":"https:\/\/lureye.dreamhosters.com\/?page_id=53"},"modified":"2025-05-21T15:26:56","modified_gmt":"2025-05-21T15:26:56","slug":"forestal","status":"publish","type":"page","link":"https:\/\/lureye.cl\/arriendo-generadores\/industria\/forestal\/","title":{"rendered":"Forestal"},"content":{"rendered":"\t\t<div data-elementor-type=\"wp-page\" data-elementor-id=\"53\" class=\"elementor elementor-53\" data-elementor-post-type=\"page\">\n\t\t\t\t<div class=\"elementor-element elementor-element-a04a664 e-con-full e-flex e-con e-parent\" data-id=\"a04a664\" data-element_type=\"container\">\n\t\t\t\t<div class=\"elementor-element elementor-element-a2b9a3b elementor-widget__width-inherit elementor-widget elementor-widget-template\" data-id=\"a2b9a3b\" data-element_type=\"widget\" data-widget_type=\"template.default\">\n\t\t\t\t<div class=\"elementor-widget-container\">\n\t\t\t\t\t\t\t<div class=\"elementor-template\">\n\t\t\t\t\t<div data-elementor-type=\"container\" data-elementor-id=\"287\" class=\"elementor elementor-287\" data-elementor-post-type=\"elementor_library\">\n\t\t\t\t<div class=\"elementor-element elementor-element-6b672eba e-con-full e-flex e-con e-parent\" data-id=\"6b672eba\" data-element_type=\"container\" data-settings=\"{&quot;background_background&quot;:&quot;classic&quot;}\">\n\t\t<div class=\"elementor-element elementor-element-66d195e e-flex e-con-boxed e-con e-child\" data-id=\"66d195e\" data-element_type=\"container\">\n\t\t\t\t\t<div class=\"e-con-inner\">\n\t\t<div class=\"elementor-element elementor-element-2210bd5e e-con-full e-flex e-con e-child\" data-id=\"2210bd5e\" data-element_type=\"container\">\n\t\t\t\t<div class=\"elementor-element elementor-element-458a296f elementor-widget__width-inherit elementor-widget elementor-widget-heading\" data-id=\"458a296f\" data-element_type=\"widget\" data-widget_type=\"heading.default\">\n\t\t\t\t<div class=\"elementor-widget-container\">\n\t\t\t\t\t<h1 class=\"elementor-heading-title elementor-size-default\">Forestal<\/h1>\t\t\t\t<\/div>\n\t\t\t\t<\/div>\n\t\t\t\t<\/div>\n\t\t<div class=\"elementor-element elementor-element-9d845a9 e-con-full e-flex e-con e-child\" data-id=\"9d845a9\" data-element_type=\"container\">\n\t\t\t\t<div class=\"elementor-element elementor-element-34c8dfe5 elementor-widget elementor-widget-text-editor\" data-id=\"34c8dfe5\" data-element_type=\"widget\" data-widget_type=\"text-editor.default\">\n\t\t\t\t<div class=\"elementor-widget-container\">\n\t\t\t\t\t\t\t\t\tLureye Arriendos: Energ\u00eda Temporal para Optimizar la Producci\u00f3n Forestal\t\t\t\t\t\t\t\t<\/div>\n\t\t\t\t<\/div>\n\t\t\t\t<\/div>\n\t\t\t\t\t<\/div>\n\t\t\t\t<\/div>\n\t\t\t\t<\/div>\n\t\t<div class=\"elementor-element elementor-element-8ef29a0 e-flex e-con-boxed e-con e-parent\" data-id=\"8ef29a0\" data-element_type=\"container\">\n\t\t\t\t\t<div class=\"e-con-inner\">\n\t\t\t\t<div class=\"elementor-element elementor-element-fd148e7 elementor-widget elementor-widget-bosque_breadcrumb\" data-id=\"fd148e7\" data-element_type=\"widget\" data-widget_type=\"bosque_breadcrumb.default\">\n\t\t\t\t<div class=\"elementor-widget-container\">\n\t\t\t\t\t<nav aria-label=\"Breadcrumb\"><ol class=\"bosque-breadcrumb\"><li class=\"bosque-breadcrumb-item\"><a class=\"bosque-breadcrumb-link\" href=\"https:\/\/lureye.cl\/arriendo-generadores\/\">Inicio<\/a><span class=\"bosque-breadcrumb-separator\">\u203a<\/span><\/li><li class=\"bosque-breadcrumb-item bosque-breadcrumb-current\">Page<\/li><\/ol><\/nav>\t\t\t\t<\/div>\n\t\t\t\t<\/div>\n\t\t\t\t\t<\/div>\n\t\t\t\t<\/div>\n\t\t\t\t<\/div>\n\t\t\t\t<\/div>\n\t\t\t\t\t\t<\/div>\n\t\t\t\t<\/div>\n\t\t\t\t<\/div>\n\t\t<div class=\"elementor-element elementor-element-67ddefd e-flex e-con-boxed e-con e-parent\" data-id=\"67ddefd\" data-element_type=\"container\">\n\t\t\t\t\t<div class=\"e-con-inner\">\n\t\t<div class=\"elementor-element elementor-element-aa04a9c e-con-full e-flex e-con e-child\" data-id=\"aa04a9c\" data-element_type=\"container\">\n\t\t\t\t<div class=\"elementor-element elementor-element-be0ae8e e-transform elementor-widget elementor-widget-image\" data-id=\"be0ae8e\" data-element_type=\"widget\" data-settings=\"{&quot;_transform_translateX_effect&quot;:{&quot;unit&quot;:&quot;px&quot;,&quot;size&quot;:&quot;&quot;,&quot;sizes&quot;:[]},&quot;_transform_translateX_effect_tablet&quot;:{&quot;unit&quot;:&quot;px&quot;,&quot;size&quot;:&quot;&quot;,&quot;sizes&quot;:[]},&quot;_transform_translateX_effect_mobile&quot;:{&quot;unit&quot;:&quot;px&quot;,&quot;size&quot;:&quot;&quot;,&quot;sizes&quot;:[]},&quot;_transform_translateY_effect&quot;:{&quot;unit&quot;:&quot;px&quot;,&quot;size&quot;:&quot;&quot;,&quot;sizes&quot;:[]},&quot;_transform_translateY_effect_tablet&quot;:{&quot;unit&quot;:&quot;px&quot;,&quot;size&quot;:&quot;&quot;,&quot;sizes&quot;:[]},&quot;_transform_translateY_effect_mobile&quot;:{&quot;unit&quot;:&quot;px&quot;,&quot;size&quot;:&quot;&quot;,&quot;sizes&quot;:[]}}\" data-widget_type=\"image.default\">\n\t\t\t\t<div class=\"elementor-widget-container\">\n\t\t\t\t\t\t\t\t\t\t\t\t\t\t\t<img decoding=\"async\" src=\"https:\/\/lureye.cl\/arriendo-generadores\/wp-content\/uploads\/elementor\/thumbs\/Flota-Gruposs-Electrogenos-OK1-2-r66r0ajommicnanuvyrc43rwoed4jlur1hxi1ffabs.jpg\" title=\"Flota-Gruposs-Electrogenos-OK1-2\" alt=\"Flota-Gruposs-Electrogenos-OK1-2\" loading=\"lazy\" \/>\t\t\t\t\t\t\t\t\t\t\t\t\t\t\t<\/div>\n\t\t\t\t<\/div>\n\t\t\t\t<\/div>\n\t\t<div class=\"elementor-element elementor-element-4fc12ab e-con-full e-flex e-con e-child\" data-id=\"4fc12ab\" data-element_type=\"container\">\n\t\t\t\t<div class=\"elementor-element elementor-element-081f9ff elementor-widget elementor-widget-text-editor\" data-id=\"081f9ff\" data-element_type=\"widget\" data-widget_type=\"text-editor.default\">\n\t\t\t\t<div class=\"elementor-widget-container\">\n\t\t\t\t\t\t\t\t\t<p>La industria forestal en Chile es una de las m\u00e1s din\u00e1micas y exigentes, con procesos que requieren un suministro de energ\u00eda constante y confiable. En Lureye Arriendos, comprendemos los desaf\u00edos \u00fanicos de esta industria y ofrecemos soluciones de energ\u00eda temporal dise\u00f1adas para satisfacer las necesidades espec\u00edficas de las empresas forestales.<\/p><p>Nuestra amplia experiencia nos ha permitido convertirnos en un socio estrat\u00e9gico para empresas forestales que buscan optimizar su producci\u00f3n, enfrentar paradas de planta planificadas y no planificadas, o inyectar energ\u00eda adicional en momentos de alta demanda. Contamos con equipos preparados especialmente para el arriendo y un servicio t\u00e9cnico especializado, asegurando que tus operaciones no se vean interrumpidas.<\/p>\t\t\t\t\t\t\t\t<\/div>\n\t\t\t\t<\/div>\n\t\t\t\t<\/div>\n\t\t\t\t\t<\/div>\n\t\t\t\t<\/div>\n\t\t<div class=\"elementor-element elementor-element-7456379 e-flex e-con-boxed e-con e-parent\" data-id=\"7456379\" data-element_type=\"container\">\n\t\t\t\t\t<div class=\"e-con-inner\">\n\t\t<div class=\"elementor-element elementor-element-431ebb0 e-con-full e-flex e-con e-child\" data-id=\"431ebb0\" data-element_type=\"container\">\n\t\t\t\t<div class=\"elementor-element elementor-element-551404d elementor-widget elementor-widget-heading\" data-id=\"551404d\" data-element_type=\"widget\" data-widget_type=\"heading.default\">\n\t\t\t\t<div class=\"elementor-widget-container\">\n\t\t\t\t\t<h2 class=\"elementor-heading-title elementor-size-default\">Suministro de Energ\u00eda para Procesos Cr\u00edticos\n<\/h2>\t\t\t\t<\/div>\n\t\t\t\t<\/div>\n\t\t\t\t<div class=\"elementor-element elementor-element-31dc920 elementor-widget elementor-widget-text-editor\" data-id=\"31dc920\" data-element_type=\"widget\" data-widget_type=\"text-editor.default\">\n\t\t\t\t<div class=\"elementor-widget-container\">\n\t\t\t\t\t\t\t\t\t<p>Los procesos de producci\u00f3n forestal, desde la tala hasta el procesamiento en plantas de celulosa o aserraderos, dependen de un flujo de energ\u00eda estable. En Lureye Arriendos, ofrecemos grupos electr\u00f3genos que garantizan el suministro el\u00e9ctrico durante todas las etapas del ciclo productivo. Nuestras soluciones permiten a las empresas mantener la eficiencia operativa incluso en zonas remotas, donde el acceso a la red el\u00e9ctrica puede ser limitado o inestable.<\/p>\t\t\t\t\t\t\t\t<\/div>\n\t\t\t\t<\/div>\n\t\t\t\t<\/div>\n\t\t<div class=\"elementor-element elementor-element-8db839f e-con-full e-flex e-con e-child\" data-id=\"8db839f\" data-element_type=\"container\">\n\t\t\t\t<div class=\"elementor-element elementor-element-d6b9a6d e-transform elementor-widget elementor-widget-image\" data-id=\"d6b9a6d\" data-element_type=\"widget\" data-settings=\"{&quot;_transform_translateX_effect&quot;:{&quot;unit&quot;:&quot;px&quot;,&quot;size&quot;:&quot;&quot;,&quot;sizes&quot;:[]},&quot;_transform_translateX_effect_tablet&quot;:{&quot;unit&quot;:&quot;px&quot;,&quot;size&quot;:&quot;&quot;,&quot;sizes&quot;:[]},&quot;_transform_translateX_effect_mobile&quot;:{&quot;unit&quot;:&quot;px&quot;,&quot;size&quot;:&quot;&quot;,&quot;sizes&quot;:[]},&quot;_transform_translateY_effect&quot;:{&quot;unit&quot;:&quot;px&quot;,&quot;size&quot;:&quot;&quot;,&quot;sizes&quot;:[]},&quot;_transform_translateY_effect_tablet&quot;:{&quot;unit&quot;:&quot;px&quot;,&quot;size&quot;:&quot;&quot;,&quot;sizes&quot;:[]},&quot;_transform_translateY_effect_mobile&quot;:{&quot;unit&quot;:&quot;px&quot;,&quot;size&quot;:&quot;&quot;,&quot;sizes&quot;:[]}}\" data-widget_type=\"image.default\">\n\t\t\t\t<div class=\"elementor-widget-container\">\n\t\t\t\t\t\t\t\t\t\t\t\t\t\t\t<img decoding=\"async\" src=\"https:\/\/lureye.cl\/arriendo-generadores\/wp-content\/uploads\/elementor\/thumbs\/Parada-Forestal-r66r0ajly5673opn6curgqbie93jhqs63ju4icde9c.jpg\" title=\"Parada-Forestal\" alt=\"Parada-Forestal\" loading=\"lazy\" \/>\t\t\t\t\t\t\t\t\t\t\t\t\t\t\t<\/div>\n\t\t\t\t<\/div>\n\t\t\t\t<\/div>\n\t\t\t\t\t<\/div>\n\t\t\t\t<\/div>\n\t\t<div class=\"elementor-element elementor-element-f823f5f e-flex e-con-boxed e-con e-parent\" data-id=\"f823f5f\" data-element_type=\"container\">\n\t\t\t\t\t<div class=\"e-con-inner\">\n\t\t\t\t<div class=\"elementor-element elementor-element-9430eb0 elementor-widget elementor-widget-heading\" data-id=\"9430eb0\" data-element_type=\"widget\" data-widget_type=\"heading.default\">\n\t\t\t\t<div class=\"elementor-widget-container\">\n\t\t\t\t\t<h2 class=\"elementor-heading-title elementor-size-default\">Nuestras Ventajas<\/h2>\t\t\t\t<\/div>\n\t\t\t\t<\/div>\n\t\t\t\t\t<\/div>\n\t\t\t\t<\/div>\n\t\t<div class=\"elementor-element elementor-element-35bb4f1 e-flex e-con-boxed e-con e-parent\" data-id=\"35bb4f1\" data-element_type=\"container\">\n\t\t\t\t\t<div class=\"e-con-inner\">\n\t\t<div class=\"elementor-element elementor-element-803aa29 e-con-full e-flex e-con e-child\" data-id=\"803aa29\" data-element_type=\"container\" data-settings=\"{&quot;background_background&quot;:&quot;classic&quot;}\">\n\t\t\t\t<div class=\"elementor-element elementor-element-500b13c elementor-widget elementor-widget-heading\" data-id=\"500b13c\" data-element_type=\"widget\" data-widget_type=\"heading.default\">\n\t\t\t\t<div class=\"elementor-widget-container\">\n\t\t\t\t\t<h2 class=\"elementor-heading-title elementor-size-default\">Continuidad Operativa Garantizada<\/h2>\t\t\t\t<\/div>\n\t\t\t\t<\/div>\n\t\t\t\t<div class=\"elementor-element elementor-element-93adc68 elementor-widget elementor-widget-text-editor\" data-id=\"93adc68\" data-element_type=\"widget\" data-widget_type=\"text-editor.default\">\n\t\t\t\t<div class=\"elementor-widget-container\">\n\t\t\t\t\t\t\t\t\t<p>Minimiza los riesgos de interrupciones en tus procesos productivos con un suministro confiable de energ\u00eda temporal, incluso en situaciones de emergencia o mantenimiento programado.<\/p>\t\t\t\t\t\t\t\t<\/div>\n\t\t\t\t<\/div>\n\t\t\t\t<\/div>\n\t\t<div class=\"elementor-element elementor-element-391459f e-con-full e-flex e-con e-child\" data-id=\"391459f\" data-element_type=\"container\" data-settings=\"{&quot;background_background&quot;:&quot;classic&quot;}\">\n\t\t\t\t<div class=\"elementor-element elementor-element-7275bbb elementor-widget elementor-widget-heading\" data-id=\"7275bbb\" data-element_type=\"widget\" data-widget_type=\"heading.default\">\n\t\t\t\t<div class=\"elementor-widget-container\">\n\t\t\t\t\t<h2 class=\"elementor-heading-title elementor-size-default\">Flexibilidad y Adaptabilidad<\/h2>\t\t\t\t<\/div>\n\t\t\t\t<\/div>\n\t\t\t\t<div class=\"elementor-element elementor-element-7b83966 elementor-widget elementor-widget-text-editor\" data-id=\"7b83966\" data-element_type=\"widget\" data-widget_type=\"text-editor.default\">\n\t\t\t\t<div class=\"elementor-widget-container\">\n\t\t\t\t\t\t\t\t\t<p>Con equipos que van desde 11 hasta 1250 kVA y la capacidad de sincronizar m\u00faltiples unidades, nuestras soluciones se ajustan a los requerimientos espec\u00edficos de cada industria, sin importar el tama\u00f1o o la complejidad del proyecto.<\/p>\t\t\t\t\t\t\t\t<\/div>\n\t\t\t\t<\/div>\n\t\t\t\t<\/div>\n\t\t<div class=\"elementor-element elementor-element-4c28b68 e-con-full e-flex e-con e-child\" data-id=\"4c28b68\" data-element_type=\"container\" data-settings=\"{&quot;background_background&quot;:&quot;classic&quot;}\">\n\t\t\t\t<div class=\"elementor-element elementor-element-4f0a28f elementor-widget elementor-widget-heading\" data-id=\"4f0a28f\" data-element_type=\"widget\" data-widget_type=\"heading.default\">\n\t\t\t\t<div class=\"elementor-widget-container\">\n\t\t\t\t\t<h2 class=\"elementor-heading-title elementor-size-default\">Soporte 24\/7<\/h2>\t\t\t\t<\/div>\n\t\t\t\t<\/div>\n\t\t\t\t<div class=\"elementor-element elementor-element-4f9ee89 elementor-widget elementor-widget-text-editor\" data-id=\"4f9ee89\" data-element_type=\"widget\" data-widget_type=\"text-editor.default\">\n\t\t\t\t<div class=\"elementor-widget-container\">\n\t\t\t\t\t\t\t\t\t<p>Nuestro servicio t\u00e9cnico y de atenci\u00f3n al cliente est\u00e1 disponible todo el d\u00eda, todos los d\u00edas, para resolver cualquier imprevisto r\u00e1pidamente y asegurar la continuidad de tus operaciones.<\/p>\t\t\t\t\t\t\t\t<\/div>\n\t\t\t\t<\/div>\n\t\t\t\t<\/div>\n\t\t\t\t\t<\/div>\n\t\t\t\t<\/div>\n\t\t<div class=\"elementor-element elementor-element-8c97f6f e-flex e-con-boxed e-con e-parent\" data-id=\"8c97f6f\" data-element_type=\"container\">\n\t\t\t\t\t<div class=\"e-con-inner\">\n\t\t<div class=\"elementor-element elementor-element-bd98716 e-con-full e-flex e-con e-child\" data-id=\"bd98716\" data-element_type=\"container\">\n\t\t\t\t<div class=\"elementor-element elementor-element-bb567b1 e-transform elementor-widget elementor-widget-image\" data-id=\"bb567b1\" data-element_type=\"widget\" data-settings=\"{&quot;_transform_translateX_effect&quot;:{&quot;unit&quot;:&quot;px&quot;,&quot;size&quot;:&quot;&quot;,&quot;sizes&quot;:[]},&quot;_transform_translateX_effect_tablet&quot;:{&quot;unit&quot;:&quot;px&quot;,&quot;size&quot;:&quot;&quot;,&quot;sizes&quot;:[]},&quot;_transform_translateX_effect_mobile&quot;:{&quot;unit&quot;:&quot;px&quot;,&quot;size&quot;:&quot;&quot;,&quot;sizes&quot;:[]},&quot;_transform_translateY_effect&quot;:{&quot;unit&quot;:&quot;px&quot;,&quot;size&quot;:&quot;&quot;,&quot;sizes&quot;:[]},&quot;_transform_translateY_effect_tablet&quot;:{&quot;unit&quot;:&quot;px&quot;,&quot;size&quot;:&quot;&quot;,&quot;sizes&quot;:[]},&quot;_transform_translateY_effect_mobile&quot;:{&quot;unit&quot;:&quot;px&quot;,&quot;size&quot;:&quot;&quot;,&quot;sizes&quot;:[]}}\" data-widget_type=\"image.default\">\n\t\t\t\t<div class=\"elementor-widget-container\">\n\t\t\t\t\t\t\t\t\t\t\t\t\t\t\t<img decoding=\"async\" src=\"https:\/\/lureye.cl\/arriendo-generadores\/wp-content\/uploads\/elementor\/thumbs\/Grafica-Forestal-r66r0ajly5673opn6curgqbie93jhqs63ju4icde9c.jpg\" title=\"Grafica-Forestal\" alt=\"Grafica-Forestal\" loading=\"lazy\" \/>\t\t\t\t\t\t\t\t\t\t\t\t\t\t\t<\/div>\n\t\t\t\t<\/div>\n\t\t\t\t<\/div>\n\t\t<div class=\"elementor-element elementor-element-b7007d6 e-con-full e-flex e-con e-child\" data-id=\"b7007d6\" data-element_type=\"container\">\n\t\t\t\t<div class=\"elementor-element elementor-element-aed8100 elementor-widget elementor-widget-heading\" data-id=\"aed8100\" data-element_type=\"widget\" data-widget_type=\"heading.default\">\n\t\t\t\t<div class=\"elementor-widget-container\">\n\t\t\t\t\t<h2 class=\"elementor-heading-title elementor-size-default\">Suministro de Energ\u00eda para Procesos Cr\u00edticos<\/h2>\t\t\t\t<\/div>\n\t\t\t\t<\/div>\n\t\t\t\t<div class=\"elementor-element elementor-element-e7ae43d elementor-widget elementor-widget-text-editor\" data-id=\"e7ae43d\" data-element_type=\"widget\" data-widget_type=\"text-editor.default\">\n\t\t\t\t<div class=\"elementor-widget-container\">\n\t\t\t\t\t\t\t\t\t<p>Los procesos de producci\u00f3n forestal, desde la tala hasta el procesamiento en plantas de celulosa o aserraderos, dependen de un flujo de energ\u00eda estable. En Lureye Arriendos, ofrecemos grupos electr\u00f3genos que garantizan el suministro el\u00e9ctrico durante todas las etapas del ciclo productivo. Nuestras soluciones permiten a las empresas mantener la eficiencia operativa incluso en zonas remotas, donde el acceso a la red el\u00e9ctrica puede ser limitado o inestable.<\/p>\t\t\t\t\t\t\t\t<\/div>\n\t\t\t\t<\/div>\n\t\t\t\t<\/div>\n\t\t\t\t\t<\/div>\n\t\t\t\t<\/div>\n\t\t<div class=\"elementor-element elementor-element-69575fb e-con-full e-flex e-con e-parent\" data-id=\"69575fb\" data-element_type=\"container\">\n\t\t\t\t<div class=\"elementor-element elementor-element-b9026f2 elementor-widget elementor-widget-template\" data-id=\"b9026f2\" data-element_type=\"widget\" data-widget_type=\"template.default\">\n\t\t\t\t<div class=\"elementor-widget-container\">\n\t\t\t\t\t\t\t<div class=\"elementor-template\">\n\t\t\t\t\t<div data-elementor-type=\"container\" data-elementor-id=\"264\" class=\"elementor elementor-264\" data-elementor-post-type=\"elementor_library\">\n\t\t\t\t<div class=\"elementor-element elementor-element-400a284 e-con-full e-flex e-con e-parent\" data-id=\"400a284\" data-element_type=\"container\" data-settings=\"{&quot;background_background&quot;:&quot;classic&quot;}\">\n\t\t\t\t<div class=\"elementor-element elementor-element-5362586d elementor-widget elementor-widget-heading\" data-id=\"5362586d\" data-element_type=\"widget\" data-widget_type=\"heading.default\">\n\t\t\t\t<div class=\"elementor-widget-container\">\n\t\t\t\t\t<h3 class=\"elementor-heading-title elementor-size-default\">\u00a1Te ayudamos en tus requerimientos!<\/h3>\t\t\t\t<\/div>\n\t\t\t\t<\/div>\n\t\t\t\t<div class=\"elementor-element elementor-element-6d1aecf8 elementor-widget elementor-widget-text-editor\" data-id=\"6d1aecf8\" data-element_type=\"widget\" data-widget_type=\"text-editor.default\">\n\t\t\t\t<div class=\"elementor-widget-container\">\n\t\t\t\t\t\t\t\t\t<div class=\"row justify-content-center align-items-center text-center py-5 mb-lg-4\"><div class=\"col-md-8\"><p class=\"text-white mt-3\">Durante estos 80 a\u00f1os, hemos ido innovando en soluciones de suministro de energ\u00eda a los sectores productivos de todo el pa\u00eds.<\/p><\/div><\/div>\t\t\t\t\t\t\t\t<\/div>\n\t\t\t\t<\/div>\n\t\t\t\t<div class=\"elementor-element elementor-element-3d3123a3 elementor-widget elementor-widget-heading\" data-id=\"3d3123a3\" data-element_type=\"widget\" data-widget_type=\"heading.default\">\n\t\t\t\t<div class=\"elementor-widget-container\">\n\t\t\t\t\t<h4 class=\"elementor-heading-title elementor-size-default\">Cont\u00e1ctanos<\/h4>\t\t\t\t<\/div>\n\t\t\t\t<\/div>\n\t\t\t\t<div class=\"elementor-element elementor-element-c25bcac elementor-widget__width-initial elementor-widget elementor-widget-bosque_cf7_styler\" data-id=\"c25bcac\" data-element_type=\"widget\" data-widget_type=\"bosque_cf7_styler.default\">\n\t\t\t\t<div class=\"elementor-widget-container\">\n\t\t\t\t\t<div class=\"bosque-cf7-container\">\n<div class=\"wpcf7 no-js\" id=\"wpcf7-f263-o1\" lang=\"es-ES\" dir=\"ltr\" data-wpcf7-id=\"263\">\n<div class=\"screen-reader-response\"><p role=\"status\" aria-live=\"polite\" aria-atomic=\"true\"><\/p> <ul><\/ul><\/div>\n<form action=\"\/arriendo-generadores\/wp-json\/wp\/v2\/pages\/53#wpcf7-f263-o1\" method=\"post\" class=\"wpcf7-form init\" aria-label=\"Formulario de contacto\" novalidate=\"novalidate\" data-status=\"init\">\n<fieldset class=\"hidden-fields-container\"><input type=\"hidden\" name=\"_wpcf7\" value=\"263\" \/><input type=\"hidden\" name=\"_wpcf7_version\" value=\"6.1.5\" \/><input type=\"hidden\" name=\"_wpcf7_locale\" value=\"es_ES\" \/><input type=\"hidden\" name=\"_wpcf7_unit_tag\" value=\"wpcf7-f263-o1\" \/><input type=\"hidden\" name=\"_wpcf7_container_post\" value=\"0\" \/><input type=\"hidden\" name=\"_wpcf7_posted_data_hash\" value=\"\" \/>\n<\/fieldset>\n<div class=\"form-grid\">\n\t<div class=\"form-field\">\n\t\t<p><span class=\"wpcf7-form-control-wrap\" data-name=\"nombre\"><input size=\"40\" maxlength=\"400\" minlength=\"2\" class=\"wpcf7-form-control wpcf7-text wpcf7-validates-as-required\" autocomplete=\"name\" aria-required=\"true\" aria-invalid=\"false\" placeholder=\"Nombre\" value=\"\" type=\"text\" name=\"nombre\" \/><\/span>\n\t\t<\/p>\n\t<\/div>\n\t<div class=\"form-field\">\n\t\t<p><span class=\"wpcf7-form-control-wrap\" data-name=\"email\"><input size=\"40\" maxlength=\"400\" class=\"wpcf7-form-control wpcf7-email wpcf7-validates-as-required wpcf7-text wpcf7-validates-as-email\" autocomplete=\"email\" aria-required=\"true\" aria-invalid=\"false\" placeholder=\"Email\" value=\"\" type=\"email\" name=\"email\" \/><\/span>\n\t\t<\/p>\n\t<\/div>\n\t<div class=\"form-field\">\n\t\t<p><span class=\"wpcf7-form-control-wrap\" data-name=\"tel-58\"><input size=\"40\" maxlength=\"400\" class=\"wpcf7-form-control wpcf7-tel wpcf7-validates-as-required wpcf7-text wpcf7-validates-as-tel\" autocomplete=\"telephone\" aria-required=\"true\" aria-invalid=\"false\" placeholder=\"Tel\u00e9fono\" value=\"\" type=\"tel\" name=\"tel-58\" \/><\/span>\n\t\t<\/p>\n\t<\/div>\n\t<div class=\"form-field\">\n\t\t<p><span class=\"wpcf7-form-control-wrap\" data-name=\"empresa\"><input size=\"40\" maxlength=\"400\" minlength=\"2\" class=\"wpcf7-form-control wpcf7-text wpcf7-validates-as-required\" autocomplete=\"organization\" aria-required=\"true\" aria-invalid=\"false\" placeholder=\"Empresa\" value=\"\" type=\"text\" name=\"empresa\" \/><\/span>\n\t\t<\/p>\n\t<\/div>\n\t<div class=\"form-field\">\n\t\t<p><span class=\"wpcf7-form-control-wrap\" data-name=\"ciudad\"><input size=\"40\" maxlength=\"400\" minlength=\"2\" class=\"wpcf7-form-control wpcf7-text wpcf7-validates-as-required\" autocomplete=\"address-level2\" aria-required=\"true\" aria-invalid=\"false\" placeholder=\"Ciudad\" value=\"\" type=\"text\" name=\"ciudad\" \/><\/span>\n\t\t<\/p>\n\t<\/div>\n\t<div class=\"form-submit\">\n\t\t<p><input class=\"wpcf7-form-control wpcf7-submit has-spinner\" type=\"submit\" value=\"Enviar\" \/>\n\t\t<\/p>\n\t<\/div>\n<\/div><div class=\"wpcf7-response-output\" aria-hidden=\"true\"><\/div>\n<\/form>\n<\/div>\n<\/div>\t\t\t\t<\/div>\n\t\t\t\t<\/div>\n\t\t\t\t<\/div>\n\t\t\t\t<\/div>\n\t\t\t\t<\/div>\n\t\t\t\t\t\t<\/div>\n\t\t\t\t<\/div>\n\t\t\t\t<\/div>\n\t\t\t\t<\/div>\n\t\t","protected":false},"excerpt":{"rendered":"<p>Lureye Arriendos: Energ\u00eda Temporal para Optimizar la Producci\u00f3n Forestal<\/p>\n","protected":false},"author":1,"featured_media":382,"parent":37,"menu_order":0,"comment_status":"closed","ping_status":"closed","template":"","meta":{"footnotes":""},"class_list":["post-53","page","type-page","status-publish","has-post-thumbnail","hentry"],"_links":{"self":[{"href":"https:\/\/lureye.cl\/arriendo-generadores\/wp-json\/wp\/v2\/pages\/53","targetHints":{"allow":["GET"]}}],"collection":[{"href":"https:\/\/lureye.cl\/arriendo-generadores\/wp-json\/wp\/v2\/pages"}],"about":[{"href":"https:\/\/lureye.cl\/arriendo-generadores\/wp-json\/wp\/v2\/types\/page"}],"author":[{"embeddable":true,"href":"https:\/\/lureye.cl\/arriendo-generadores\/wp-json\/wp\/v2\/users\/1"}],"replies":[{"embeddable":true,"href":"https:\/\/lureye.cl\/arriendo-generadores\/wp-json\/wp\/v2\/comments?post=53"}],"version-history":[{"count":10,"href":"https:\/\/lureye.cl\/arriendo-generadores\/wp-json\/wp\/v2\/pages\/53\/revisions"}],"predecessor-version":[{"id":1203,"href":"https:\/\/lureye.cl\/arriendo-generadores\/wp-json\/wp\/v2\/pages\/53\/revisions\/1203"}],"up":[{"embeddable":true,"href":"https:\/\/lureye.cl\/arriendo-generadores\/wp-json\/wp\/v2\/pages\/37"}],"wp:featuredmedia":[{"embeddable":true,"href":"https:\/\/lureye.cl\/arriendo-generadores\/wp-json\/wp\/v2\/media\/382"}],"wp:attachment":[{"href":"https:\/\/lureye.cl\/arriendo-generadores\/wp-json\/wp\/v2\/media?parent=53"}],"curies":[{"name":"wp","href":"https:\/\/api.w.org\/{rel}","templated":true}]}}