{"id":1094,"date":"2025-05-15T14:21:35","date_gmt":"2025-05-15T14:21:35","guid":{"rendered":"https:\/\/lureye.dreamhosters.com\/?page_id=1094"},"modified":"2025-05-15T14:24:17","modified_gmt":"2025-05-15T14:24:17","slug":"informacion-tecnica-generadores","status":"publish","type":"page","link":"https:\/\/lureye.cl\/arriendo-generadores\/soluciones-temporales\/grupos-electrogenos\/informacion-tecnica-generadores\/","title":{"rendered":"Informaci\u00f3n t\u00e9cnica generadores"},"content":{"rendered":"\t\t<div data-elementor-type=\"wp-page\" data-elementor-id=\"1094\" class=\"elementor elementor-1094\" data-elementor-post-type=\"page\">\n\t\t\t\t<div class=\"elementor-element elementor-element-1ea56d6 e-con-full e-flex e-con e-parent\" data-id=\"1ea56d6\" data-element_type=\"container\">\n\t\t\t\t<div class=\"elementor-element elementor-element-8bc0403 elementor-widget__width-inherit elementor-widget elementor-widget-template\" data-id=\"8bc0403\" data-element_type=\"widget\" data-widget_type=\"template.default\">\n\t\t\t\t<div class=\"elementor-widget-container\">\n\t\t\t\t\t\t\t<div class=\"elementor-template\">\n\t\t\t\t\t<div data-elementor-type=\"container\" data-elementor-id=\"287\" class=\"elementor elementor-287\" data-elementor-post-type=\"elementor_library\">\n\t\t\t\t<div class=\"elementor-element elementor-element-6b672eba e-con-full e-flex e-con e-parent\" data-id=\"6b672eba\" data-element_type=\"container\" data-settings=\"{&quot;background_background&quot;:&quot;classic&quot;}\">\n\t\t<div class=\"elementor-element elementor-element-66d195e e-flex e-con-boxed e-con e-child\" data-id=\"66d195e\" data-element_type=\"container\">\n\t\t\t\t\t<div class=\"e-con-inner\">\n\t\t<div class=\"elementor-element elementor-element-2210bd5e e-con-full e-flex e-con e-child\" data-id=\"2210bd5e\" data-element_type=\"container\">\n\t\t\t\t<div class=\"elementor-element elementor-element-458a296f elementor-widget__width-inherit elementor-widget elementor-widget-heading\" data-id=\"458a296f\" data-element_type=\"widget\" data-widget_type=\"heading.default\">\n\t\t\t\t<div class=\"elementor-widget-container\">\n\t\t\t\t\t<h1 class=\"elementor-heading-title elementor-size-default\">Informaci\u00f3n t\u00e9cnica generadores<\/h1>\t\t\t\t<\/div>\n\t\t\t\t<\/div>\n\t\t\t\t<\/div>\n\t\t<div class=\"elementor-element elementor-element-9d845a9 e-con-full e-flex e-con e-child\" data-id=\"9d845a9\" data-element_type=\"container\">\n\t\t\t\t<\/div>\n\t\t\t\t\t<\/div>\n\t\t\t\t<\/div>\n\t\t\t\t<\/div>\n\t\t<div class=\"elementor-element elementor-element-8ef29a0 e-flex e-con-boxed e-con e-parent\" data-id=\"8ef29a0\" data-element_type=\"container\">\n\t\t\t\t\t<div class=\"e-con-inner\">\n\t\t\t\t<div class=\"elementor-element elementor-element-fd148e7 elementor-widget elementor-widget-bosque_breadcrumb\" data-id=\"fd148e7\" data-element_type=\"widget\" data-widget_type=\"bosque_breadcrumb.default\">\n\t\t\t\t<div class=\"elementor-widget-container\">\n\t\t\t\t\t<nav aria-label=\"Breadcrumb\"><ol class=\"bosque-breadcrumb\"><li class=\"bosque-breadcrumb-item\"><a class=\"bosque-breadcrumb-link\" href=\"https:\/\/lureye.cl\/arriendo-generadores\/\">Inicio<\/a><span class=\"bosque-breadcrumb-separator\">\u203a<\/span><\/li><li class=\"bosque-breadcrumb-item bosque-breadcrumb-current\">Page<\/li><\/ol><\/nav>\t\t\t\t<\/div>\n\t\t\t\t<\/div>\n\t\t\t\t\t<\/div>\n\t\t\t\t<\/div>\n\t\t\t\t<\/div>\n\t\t\t\t<\/div>\n\t\t\t\t\t\t<\/div>\n\t\t\t\t<\/div>\n\t\t\t\t<\/div>\n\t\t<div class=\"elementor-element elementor-element-b50af95 e-flex e-con-boxed e-con e-parent\" data-id=\"b50af95\" data-element_type=\"container\">\n\t\t\t\t\t<div class=\"e-con-inner\">\n\t\t\t\t<div class=\"elementor-element elementor-element-cab9f92 elementor-widget elementor-widget-text-editor\" data-id=\"cab9f92\" data-element_type=\"widget\" data-widget_type=\"text-editor.default\">\n\t\t\t\t<div class=\"elementor-widget-container\">\n\t\t\t\t\t\t\t\t\t<p>En Lureye, sabemos que cada proyecto tiene requerimientos \u00fanicos. Por eso, te ofrecemos esta gu\u00eda t\u00e9cnica b\u00e1sica para ayudarte a tomar la mejor decisi\u00f3n al momento de arrendar un generador:<\/p>\t\t\t\t\t\t\t\t<\/div>\n\t\t\t\t<\/div>\n\t\t\t\t\t<\/div>\n\t\t\t\t<\/div>\n\t\t<div class=\"elementor-element elementor-element-ea5b137 e-flex e-con-boxed e-con e-parent\" data-id=\"ea5b137\" data-element_type=\"container\">\n\t\t\t\t\t<div class=\"e-con-inner\">\n\t\t\t\t<div class=\"elementor-element elementor-element-2035397 elementor-widget elementor-widget-html\" data-id=\"2035397\" data-element_type=\"widget\" data-widget_type=\"html.default\">\n\t\t\t\t<div class=\"elementor-widget-container\">\n\t\t\t\t\t<div class=\"table-responsive pt-5\">\n<table style=\"width: 100% !important; max-width: 900px !important; text-align: center; border-collapse: collapse;font-size:14px;\" border=\"1\" cellspacing=\"0\" cellpadding=\"5\">\n<thead>\n<tr>\n<th>Potencia Prime (KVA)<\/th>\n<th>Amp (A) promedio 75% Nominal<\/th>\n<th>Consumo de combustible promedio al 75% Carga (lt\/hr)<\/th>\n<th>Largo promedio (mm)<\/th>\n<th>Ancho promedio (mm)<\/th>\n<th>Altura promedio (mm)<\/th>\n<th>Peso promedio en Vac\u00edo (Kg)<\/th>\n<\/tr>\n<\/thead>\n<tbody>\n<tr>\n<td>11<\/td>\n<td>12<\/td>\n<td>2<\/td>\n<td>1869<\/td>\n<td>885<\/td>\n<td>1431<\/td>\n<td>783<\/td>\n<\/tr>\n<tr>\n<td>20<\/td>\n<td>22<\/td>\n<td>4<\/td>\n<td>1955<\/td>\n<td>851<\/td>\n<td>1413<\/td>\n<td>931<\/td>\n<\/tr>\n<tr>\n<td>30<\/td>\n<td>32<\/td>\n<td>6<\/td>\n<td>1960<\/td>\n<td>980<\/td>\n<td>1480<\/td>\n<td>1020<\/td>\n<\/tr>\n<tr>\n<td>40<\/td>\n<td>44<\/td>\n<td>7<\/td>\n<td>2089<\/td>\n<td>956<\/td>\n<td>1452<\/td>\n<td>1042<\/td>\n<\/tr>\n<tr>\n<td>50<\/td>\n<td>54<\/td>\n<td>12<\/td>\n<td>2300<\/td>\n<td>1130<\/td>\n<td>1645<\/td>\n<td>1120<\/td>\n<\/tr>\n<tr>\n<td>60<\/td>\n<td>65<\/td>\n<td>12<\/td>\n<td>2432<\/td>\n<td>1084<\/td>\n<td>1734<\/td>\n<td>1468<\/td>\n<\/tr>\n<tr>\n<td>70<\/td>\n<td>76<\/td>\n<td>13<\/td>\n<td>2300<\/td>\n<td>1095<\/td>\n<td>1695<\/td>\n<td>1417<\/td>\n<\/tr>\n<tr>\n<td>80<\/td>\n<td>86<\/td>\n<td>14<\/td>\n<td>2456<\/td>\n<td>1090<\/td>\n<td>1735<\/td>\n<td>1591<\/td>\n<\/tr>\n<tr>\n<td>100<\/td>\n<td>108<\/td>\n<td>17<\/td>\n<td>2627<\/td>\n<td>1146<\/td>\n<td>1763<\/td>\n<td>1779<\/td>\n<\/tr>\n<tr>\n<td>120<\/td>\n<td>130<\/td>\n<td>19<\/td>\n<td>3508<\/td>\n<td>1200<\/td>\n<td>1950<\/td>\n<td>2583<\/td>\n<\/tr>\n<tr>\n<td>150<\/td>\n<td>163<\/td>\n<td>26<\/td>\n<td>3403<\/td>\n<td>1167<\/td>\n<td>2032<\/td>\n<td>2509<\/td>\n<\/tr>\n<tr>\n<td>180<\/td>\n<td>195<\/td>\n<td>31<\/td>\n<td>3607<\/td>\n<td>1223<\/td>\n<td>2067<\/td>\n<td>2953<\/td>\n<\/tr>\n<tr>\n<td>200<\/td>\n<td>217<\/td>\n<td>35<\/td>\n<td>3522<\/td>\n<td>1186<\/td>\n<td>2058<\/td>\n<td>2735<\/td>\n<\/tr>\n<tr>\n<td>250<\/td>\n<td>271<\/td>\n<td>42<\/td>\n<td>3870<\/td>\n<td>1329<\/td>\n<td>2246<\/td>\n<td>3491<\/td>\n<\/tr>\n<tr>\n<td>300<\/td>\n<td>325<\/td>\n<td>48<\/td>\n<td>4036<\/td>\n<td>1442<\/td>\n<td>2293<\/td>\n<td>3762<\/td>\n<\/tr>\n<tr>\n<td>318<\/td>\n<td>344<\/td>\n<td>53<\/td>\n<td>4387<\/td>\n<td>1443<\/td>\n<td>2469<\/td>\n<td>4055<\/td>\n<\/tr>\n<tr>\n<td>350<\/td>\n<td>379<\/td>\n<td>54<\/td>\n<td>4007<\/td>\n<td>1467<\/td>\n<td>2297<\/td>\n<td>4227<\/td>\n<\/tr>\n<tr>\n<td>400<\/td>\n<td>433<\/td>\n<td>63<\/td>\n<td>4510<\/td>\n<td>1410<\/td>\n<td>2677<\/td>\n<td>4520<\/td>\n<\/tr>\n<tr>\n<td>500<\/td>\n<td>542<\/td>\n<td>78<\/td>\n<td>4817<\/td>\n<td>1675<\/td>\n<td>2642<\/td>\n<td>5588<\/td>\n<\/tr>\n<tr>\n<td>650<\/td>\n<td>704<\/td>\n<td>107<\/td>\n<td>5030<\/td>\n<td>1660<\/td>\n<td>2550<\/td>\n<td>5900<\/td>\n<\/tr>\n<tr>\n<td>800<\/td>\n<td>866<\/td>\n<td>127<\/td>\n<td>6265<\/td>\n<td>2300<\/td>\n<td>2500<\/td>\n<td>10000<\/td>\n<\/tr>\n<tr>\n<td>1000<\/td>\n<td>1082<\/td>\n<td>147<\/td>\n<td>6775<\/td>\n<td>2292<\/td>\n<td>2880<\/td>\n<td>11233<\/td>\n<\/tr>\n<tr>\n<td>1250<\/td>\n<td>1353<\/td>\n<td>199<\/td>\n<td>6100<\/td>\n<td>2400<\/td>\n<td>2800<\/td>\n<td>15500<\/td>\n<\/tr>\n<\/tbody>\n<\/table>\n<\/div>\n<style>\n.detalle-producto .container .row:first-child {\n    display: none;\n}\n\/* Contenedor para la tabla *\/\n.table-responsive {\n    width: 100%;\n    overflow-x: auto; \/* Habilita el scroll horizontal *\/\n    -webkit-overflow-scrolling: touch; \/* Desplazamiento suave en iOS *\/\n    display: flex;\n    flex-direction: row;\n    border-radius: 10px;\n    justify-content: center;\n}\n\n\/* Ajustes para la tabla *\/\n.table-responsive table {\n    margin: 0; \/* Elimina m\u00e1rgenes no deseados *\/\n    border-collapse: collapse;\n}\n\n\/* Estilo para filas alternadas *\/\n.table-responsive table tr:nth-child(even) {\n    background-color: #f2f2f2 !important; \/* Color de fondo para filas pares *\/\n}\n\n.table-responsive table tr:nth-child(odd) {\n    background-color: #ffffff; \/* Color de fondo para filas impares *\/\n}\n\n\/* Opcional: estilo al pasar el cursor sobre una fila *\/\n.table-responsive table tr:hover {\n    background-color: #d3e9ff !important; \/* Color de fondo al hacer hover *\/\n    transition: background-color 0.3s !important; \/* Efecto suave *\/\n}\n\/* Opcional: A\u00f1adir un estilo para dispositivos peque\u00f1os *\/\n@media (max-width: 768px) {\n    .table-responsive {\n        border: 1px solid #ddd; \/* Opcional: Bordes para visibilidad *\/\n    }\n}\n<\/style>\t\t\t\t<\/div>\n\t\t\t\t<\/div>\n\t\t\t\t\t<\/div>\n\t\t\t\t<\/div>\n\t\t<div class=\"elementor-element elementor-element-234522f e-flex e-con-boxed e-con e-parent\" data-id=\"234522f\" data-element_type=\"container\">\n\t\t\t\t\t<div class=\"e-con-inner\">\n\t\t\t\t<div class=\"elementor-element elementor-element-7a8d513 elementor-widget elementor-widget-text-editor\" data-id=\"7a8d513\" data-element_type=\"widget\" data-widget_type=\"text-editor.default\">\n\t\t\t\t<div class=\"elementor-widget-container\">\n\t\t\t\t\t\t\t\t\t<p>*Valores promedios son referenciales y podr\u00edan variar seg\u00fan el modelo de equipo asignado al requerimiento.<\/p>\t\t\t\t\t\t\t\t<\/div>\n\t\t\t\t<\/div>\n\t\t\t\t\t<\/div>\n\t\t\t\t<\/div>\n\t\t\t\t<\/div>\n\t\t","protected":false},"excerpt":{"rendered":"<p>En Lureye, sabemos que cada proyecto tiene requerimientos \u00fanicos. Por eso, te ofrecemos esta gu\u00eda t\u00e9cnica b\u00e1sica para ayudarte a tomar la mejor decisi\u00f3n al momento de arrendar un generador: Potencia Prime (KVA) Amp (A) promedio 75% Nominal Consumo de combustible promedio al 75% Carga (lt\/hr) Largo promedio (mm) Ancho promedio (mm) Altura promedio (mm) [&hellip;]<\/p>\n","protected":false},"author":1,"featured_media":0,"parent":79,"menu_order":0,"comment_status":"closed","ping_status":"closed","template":"","meta":{"footnotes":""},"class_list":["post-1094","page","type-page","status-publish","hentry"],"_links":{"self":[{"href":"https:\/\/lureye.cl\/arriendo-generadores\/wp-json\/wp\/v2\/pages\/1094","targetHints":{"allow":["GET"]}}],"collection":[{"href":"https:\/\/lureye.cl\/arriendo-generadores\/wp-json\/wp\/v2\/pages"}],"about":[{"href":"https:\/\/lureye.cl\/arriendo-generadores\/wp-json\/wp\/v2\/types\/page"}],"author":[{"embeddable":true,"href":"https:\/\/lureye.cl\/arriendo-generadores\/wp-json\/wp\/v2\/users\/1"}],"replies":[{"embeddable":true,"href":"https:\/\/lureye.cl\/arriendo-generadores\/wp-json\/wp\/v2\/comments?post=1094"}],"version-history":[{"count":4,"href":"https:\/\/lureye.cl\/arriendo-generadores\/wp-json\/wp\/v2\/pages\/1094\/revisions"}],"predecessor-version":[{"id":1098,"href":"https:\/\/lureye.cl\/arriendo-generadores\/wp-json\/wp\/v2\/pages\/1094\/revisions\/1098"}],"up":[{"embeddable":true,"href":"https:\/\/lureye.cl\/arriendo-generadores\/wp-json\/wp\/v2\/pages\/79"}],"wp:attachment":[{"href":"https:\/\/lureye.cl\/arriendo-generadores\/wp-json\/wp\/v2\/media?parent=1094"}],"curies":[{"name":"wp","href":"https:\/\/api.w.org\/{rel}","templated":true}]}}